{"id":3122,"date":"2025-05-19T18:15:21","date_gmt":"2025-05-19T16:15:21","guid":{"rendered":"http:\/\/www.kkr-gmbh.info\/de\/?page_id=3122"},"modified":"2025-05-19T23:56:27","modified_gmt":"2025-05-19T21:56:27","slug":"msr-technik","status":"publish","type":"page","link":"http:\/\/www.kkr-gmbh.info\/de\/de\/leistungen\/msr-technik\/","title":{"rendered":"MSR-Technik"},"content":{"rendered":"\n<p class=\"has-text-color has-link-color wp-elements-e8889df945750f6d917f63eb9958ad8c\" style=\"color:#245dab;font-size:30px\">MSR-Technik<\/p>\n\n\n\n<figure class=\"wp-block-image size-full\"><img loading=\"lazy\" decoding=\"async\" width=\"922\" height=\"201\" src=\"http:\/\/www.kkr-gmbh.info\/de\/wp-content\/uploads\/2025\/05\/kkr-saia-burguess-ban-sup.jpg\" alt=\"\" class=\"wp-image-3045\" srcset=\"http:\/\/www.kkr-gmbh.info\/de\/wp-content\/uploads\/2025\/05\/kkr-saia-burguess-ban-sup.jpg 922w, http:\/\/www.kkr-gmbh.info\/de\/wp-content\/uploads\/2025\/05\/kkr-saia-burguess-ban-sup-300x65.jpg 300w, http:\/\/www.kkr-gmbh.info\/de\/wp-content\/uploads\/2025\/05\/kkr-saia-burguess-ban-sup-768x167.jpg 768w\" sizes=\"auto, (max-width: 922px) 100vw, 922px\" \/><\/figure>\n\n\n\n<p>Als wegweisendes Technologieunternehmen bieten wir Ihnen leistungsstarke Automatisierungsl\u00f6sungen f\u00fcr unsere Anlagen. Unsere hoch qualifizierten Ingenieure setzen f\u00fcr Sie die komplexen Aufgabenstellungen um.<\/p>\n\n\n\n<p>Wir implementieren Komponenten unterschiedlicher Hersteller. Als Schwerpunkt verwenden wir Produkte des Schweizer Steuerungs- und Regelungsspezialisten SBC.<br>Um automatisierungstechnische Anlagen effizient betreiben zu k\u00f6nnen, sind moderne Leit- und Bediensysteme unabdingbar. Gerne integrieren wir f\u00fcr Sie die passende L\u00f6sung und setzen auch hier Systeme unterschiedlicher Hersteller ein. Besonders bew\u00e4hrt hat sich das Produkt Visi+ des Herstellers SBC.<br>Auf Kundenwunsch integrieren wir z. B. auch Siemens S-7-Komponenten, Echtzeit-Automatisierungssysteme und andere spezielle L\u00f6sungen.<br>Neben der Anlagenautomatisierung implementieren wir f\u00fcr Sie auf Wunsch komplette Energiemonitoring Systeme um Transparenz beim Energiebedarf ihrer Anlagen zu schaffen.<\/p>\n","protected":false},"excerpt":{"rendered":"<p>MSR-Technik Als wegweisendes Technologieunternehmen bieten wir Ihnen leistungsstarke Automatisierungsl\u00f6sungen f\u00fcr unsere Anlagen. Unsere hoch qualifizierten Ingenieure setzen f\u00fcr Sie die komplexen Aufgabenstellungen um. Wir implementieren Komponenten unterschiedlicher Hersteller. Als Schwerpunkt verwenden wir Produkte des Schweizer Steuerungs- und Regelungsspezialisten SBC.Um automatisierungstechnische Anlagen effizient betreiben zu k\u00f6nnen, sind moderne Leit- und Bediensysteme unabdingbar. Gerne integrieren wir f\u00fcr [&hellip;]<\/p>\n","protected":false},"author":1,"featured_media":0,"parent":2177,"menu_order":0,"comment_status":"closed","ping_status":"closed","template":"","meta":{"_uag_custom_page_level_css":"","site-sidebar-layout":"default","site-content-layout":"","ast-site-content-layout":"default","site-content-style":"default","site-sidebar-style":"default","ast-global-header-display":"","ast-banner-title-visibility":"","ast-main-header-display":"","ast-hfb-above-header-display":"","ast-hfb-below-header-display":"","ast-hfb-mobile-header-display":"","site-post-title":"disabled","ast-breadcrumbs-content":"","ast-featured-img":"","footer-sml-layout":"","theme-transparent-header-meta":"","adv-header-id-meta":"","stick-header-meta":"","header-above-stick-meta":"","header-main-stick-meta":"","header-below-stick-meta":"","astra-migrate-meta-layouts":"set","ast-page-background-enabled":"default","ast-page-background-meta":{"desktop":{"background-color":"var(--ast-global-color-4)","background-image":"","background-repeat":"repeat","background-position":"center center","background-size":"auto","background-attachment":"scroll","background-type":"","background-media":"","overlay-type":"","overlay-color":"","overlay-opacity":"","overlay-gradient":""},"tablet":{"background-color":"","background-image":"","background-repeat":"repeat","background-position":"center center","background-size":"auto","background-attachment":"scroll","background-type":"","background-media":"","overlay-type":"","overlay-color":"","overlay-opacity":"","overlay-gradient":""},"mobile":{"background-color":"","background-image":"","background-repeat":"repeat","background-position":"center center","background-size":"auto","background-attachment":"scroll","background-type":"","background-media":"","overlay-type":"","overlay-color":"","overlay-opacity":"","overlay-gradient":""}},"ast-content-background-meta":{"desktop":{"background-color":"var(--ast-global-color-5)","background-image":"","background-repeat":"repeat","background-position":"center center","background-size":"auto","background-attachment":"scroll","background-type":"","background-media":"","overlay-type":"","overlay-color":"","overlay-opacity":"","overlay-gradient":""},"tablet":{"background-color":"var(--ast-global-color-5)","background-image":"","background-repeat":"repeat","background-position":"center center","background-size":"auto","background-attachment":"scroll","background-type":"","background-media":"","overlay-type":"","overlay-color":"","overlay-opacity":"","overlay-gradient":""},"mobile":{"background-color":"var(--ast-global-color-5)","background-image":"","background-repeat":"repeat","background-position":"center center","background-size":"auto","background-attachment":"scroll","background-type":"","background-media":"","overlay-type":"","overlay-color":"","overlay-opacity":"","overlay-gradient":""}},"footnotes":""},"class_list":["post-3122","page","type-page","status-publish","hentry"],"yoast_head":"<!-- This site is optimized with the Yoast SEO plugin v25.1 - https:\/\/yoast.com\/wordpress\/plugins\/seo\/ -->\n<title>MSR-Technik - KKR GmbH<\/title>\n<meta name=\"description\" content=\"Als wegweisendes Technologieunternehmen bieten wir Ihnen leistungsstarke Automatisierungsl\u00f6sungen f\u00fcr unsere Anlagen. Unsere hoch qualifizierten Ingenieure setzen f\u00fcr Sie die komplexen Aufgabenstellungen um.\" \/>\n<meta name=\"robots\" content=\"index, follow, max-snippet:-1, max-image-preview:large, max-video-preview:-1\" \/>\n<link rel=\"canonical\" href=\"http:\/\/www.kkr-gmbh.info\/de\/de\/leistungen\/msr-technik\/\" \/>\n<meta property=\"og:locale\" content=\"en_US\" \/>\n<meta property=\"og:type\" content=\"article\" \/>\n<meta property=\"og:title\" content=\"MSR-Technik - KKR GmbH\" \/>\n<meta property=\"og:description\" content=\"Als wegweisendes Technologieunternehmen bieten wir Ihnen leistungsstarke Automatisierungsl\u00f6sungen f\u00fcr unsere Anlagen. Unsere hoch qualifizierten Ingenieure setzen f\u00fcr Sie die komplexen Aufgabenstellungen um.\" \/>\n<meta property=\"og:url\" content=\"http:\/\/www.kkr-gmbh.info\/de\/de\/leistungen\/msr-technik\/\" \/>\n<meta property=\"og:site_name\" content=\"KKR GmbH\" \/>\n<meta property=\"article:modified_time\" content=\"2025-05-19T21:56:27+00:00\" \/>\n<meta property=\"og:image\" content=\"http:\/\/www.kkr-gmbh.info\/de\/wp-content\/uploads\/2025\/05\/kkr-saia-burguess-ban-sup.jpg\" \/>\n\t<meta property=\"og:image:width\" content=\"922\" \/>\n\t<meta property=\"og:image:height\" content=\"201\" \/>\n\t<meta property=\"og:image:type\" content=\"image\/jpeg\" \/>\n<meta name=\"twitter:card\" content=\"summary_large_image\" \/>\n<meta name=\"twitter:label1\" content=\"Est. reading time\" \/>\n\t<meta name=\"twitter:data1\" content=\"1 minute\" \/>\n<script type=\"application\/ld+json\" class=\"yoast-schema-graph\">{\"@context\":\"https:\/\/schema.org\",\"@graph\":[{\"@type\":\"WebPage\",\"@id\":\"http:\/\/www.kkr-gmbh.info\/de\/de\/leistungen\/msr-technik\/\",\"url\":\"http:\/\/www.kkr-gmbh.info\/de\/de\/leistungen\/msr-technik\/\",\"name\":\"MSR-Technik - KKR GmbH\",\"isPartOf\":{\"@id\":\"http:\/\/www.kkr-gmbh.info\/de\/#website\"},\"primaryImageOfPage\":{\"@id\":\"http:\/\/www.kkr-gmbh.info\/de\/de\/leistungen\/msr-technik\/#primaryimage\"},\"image\":{\"@id\":\"http:\/\/www.kkr-gmbh.info\/de\/de\/leistungen\/msr-technik\/#primaryimage\"},\"thumbnailUrl\":\"http:\/\/www.kkr-gmbh.info\/de\/wp-content\/uploads\/2025\/05\/kkr-saia-burguess-ban-sup.jpg\",\"datePublished\":\"2025-05-19T16:15:21+00:00\",\"dateModified\":\"2025-05-19T21:56:27+00:00\",\"description\":\"Als wegweisendes Technologieunternehmen bieten wir Ihnen leistungsstarke Automatisierungsl\u00f6sungen f\u00fcr unsere Anlagen. Unsere hoch qualifizierten Ingenieure setzen f\u00fcr Sie die komplexen Aufgabenstellungen um.\",\"breadcrumb\":{\"@id\":\"http:\/\/www.kkr-gmbh.info\/de\/de\/leistungen\/msr-technik\/#breadcrumb\"},\"inLanguage\":\"en-US\",\"potentialAction\":[{\"@type\":\"ReadAction\",\"target\":[\"http:\/\/www.kkr-gmbh.info\/de\/de\/leistungen\/msr-technik\/\"]}]},{\"@type\":\"ImageObject\",\"inLanguage\":\"en-US\",\"@id\":\"http:\/\/www.kkr-gmbh.info\/de\/de\/leistungen\/msr-technik\/#primaryimage\",\"url\":\"http:\/\/www.kkr-gmbh.info\/de\/wp-content\/uploads\/2025\/05\/kkr-saia-burguess-ban-sup.jpg\",\"contentUrl\":\"http:\/\/www.kkr-gmbh.info\/de\/wp-content\/uploads\/2025\/05\/kkr-saia-burguess-ban-sup.jpg\",\"width\":922,\"height\":201},{\"@type\":\"BreadcrumbList\",\"@id\":\"http:\/\/www.kkr-gmbh.info\/de\/de\/leistungen\/msr-technik\/#breadcrumb\",\"itemListElement\":[{\"@type\":\"ListItem\",\"position\":1,\"name\":\"Home\",\"item\":\"http:\/\/www.kkr-gmbh.info\/de\/en\/home\/\"},{\"@type\":\"ListItem\",\"position\":2,\"name\":\"Leistungen\",\"item\":\"http:\/\/www.kkr-gmbh.info\/de\/de\/leistungen\/\"},{\"@type\":\"ListItem\",\"position\":3,\"name\":\"MSR-Technik\"}]},{\"@type\":\"WebSite\",\"@id\":\"http:\/\/www.kkr-gmbh.info\/de\/#website\",\"url\":\"http:\/\/www.kkr-gmbh.info\/de\/\",\"name\":\"KKR GmbH\",\"description\":\"Klima-K\u00e4lte-Reinraumtechnik\",\"publisher\":{\"@id\":\"http:\/\/www.kkr-gmbh.info\/de\/#organization\"},\"potentialAction\":[{\"@type\":\"SearchAction\",\"target\":{\"@type\":\"EntryPoint\",\"urlTemplate\":\"http:\/\/www.kkr-gmbh.info\/de\/?s={search_term_string}\"},\"query-input\":{\"@type\":\"PropertyValueSpecification\",\"valueRequired\":true,\"valueName\":\"search_term_string\"}}],\"inLanguage\":\"en-US\"},{\"@type\":\"Organization\",\"@id\":\"http:\/\/www.kkr-gmbh.info\/de\/#organization\",\"name\":\"KKR GmbH\",\"url\":\"http:\/\/www.kkr-gmbh.info\/de\/\",\"logo\":{\"@type\":\"ImageObject\",\"inLanguage\":\"en-US\",\"@id\":\"http:\/\/www.kkr-gmbh.info\/de\/#\/schema\/logo\/image\/\",\"url\":\"http:\/\/www.kkr-gmbh.info\/de\/wp-content\/uploads\/2025\/05\/kkr-icono-512px.jpg\",\"contentUrl\":\"http:\/\/www.kkr-gmbh.info\/de\/wp-content\/uploads\/2025\/05\/kkr-icono-512px.jpg\",\"width\":512,\"height\":512,\"caption\":\"KKR GmbH\"},\"image\":{\"@id\":\"http:\/\/www.kkr-gmbh.info\/de\/#\/schema\/logo\/image\/\"}}]}<\/script>\n<!-- \/ Yoast SEO plugin. -->","yoast_head_json":{"title":"MSR-Technik - KKR GmbH","description":"Als wegweisendes Technologieunternehmen bieten wir Ihnen leistungsstarke Automatisierungsl\u00f6sungen f\u00fcr unsere Anlagen. Unsere hoch qualifizierten Ingenieure setzen f\u00fcr Sie die komplexen Aufgabenstellungen um.","robots":{"index":"index","follow":"follow","max-snippet":"max-snippet:-1","max-image-preview":"max-image-preview:large","max-video-preview":"max-video-preview:-1"},"canonical":"http:\/\/www.kkr-gmbh.info\/de\/de\/leistungen\/msr-technik\/","og_locale":"en_US","og_type":"article","og_title":"MSR-Technik - KKR GmbH","og_description":"Als wegweisendes Technologieunternehmen bieten wir Ihnen leistungsstarke Automatisierungsl\u00f6sungen f\u00fcr unsere Anlagen. Unsere hoch qualifizierten Ingenieure setzen f\u00fcr Sie die komplexen Aufgabenstellungen um.","og_url":"http:\/\/www.kkr-gmbh.info\/de\/de\/leistungen\/msr-technik\/","og_site_name":"KKR GmbH","article_modified_time":"2025-05-19T21:56:27+00:00","og_image":[{"width":922,"height":201,"url":"http:\/\/www.kkr-gmbh.info\/de\/wp-content\/uploads\/2025\/05\/kkr-saia-burguess-ban-sup.jpg","type":"image\/jpeg"}],"twitter_card":"summary_large_image","twitter_misc":{"Est. reading time":"1 minute"},"schema":{"@context":"https:\/\/schema.org","@graph":[{"@type":"WebPage","@id":"http:\/\/www.kkr-gmbh.info\/de\/de\/leistungen\/msr-technik\/","url":"http:\/\/www.kkr-gmbh.info\/de\/de\/leistungen\/msr-technik\/","name":"MSR-Technik - KKR GmbH","isPartOf":{"@id":"http:\/\/www.kkr-gmbh.info\/de\/#website"},"primaryImageOfPage":{"@id":"http:\/\/www.kkr-gmbh.info\/de\/de\/leistungen\/msr-technik\/#primaryimage"},"image":{"@id":"http:\/\/www.kkr-gmbh.info\/de\/de\/leistungen\/msr-technik\/#primaryimage"},"thumbnailUrl":"http:\/\/www.kkr-gmbh.info\/de\/wp-content\/uploads\/2025\/05\/kkr-saia-burguess-ban-sup.jpg","datePublished":"2025-05-19T16:15:21+00:00","dateModified":"2025-05-19T21:56:27+00:00","description":"Als wegweisendes Technologieunternehmen bieten wir Ihnen leistungsstarke Automatisierungsl\u00f6sungen f\u00fcr unsere Anlagen. Unsere hoch qualifizierten Ingenieure setzen f\u00fcr Sie die komplexen Aufgabenstellungen um.","breadcrumb":{"@id":"http:\/\/www.kkr-gmbh.info\/de\/de\/leistungen\/msr-technik\/#breadcrumb"},"inLanguage":"en-US","potentialAction":[{"@type":"ReadAction","target":["http:\/\/www.kkr-gmbh.info\/de\/de\/leistungen\/msr-technik\/"]}]},{"@type":"ImageObject","inLanguage":"en-US","@id":"http:\/\/www.kkr-gmbh.info\/de\/de\/leistungen\/msr-technik\/#primaryimage","url":"http:\/\/www.kkr-gmbh.info\/de\/wp-content\/uploads\/2025\/05\/kkr-saia-burguess-ban-sup.jpg","contentUrl":"http:\/\/www.kkr-gmbh.info\/de\/wp-content\/uploads\/2025\/05\/kkr-saia-burguess-ban-sup.jpg","width":922,"height":201},{"@type":"BreadcrumbList","@id":"http:\/\/www.kkr-gmbh.info\/de\/de\/leistungen\/msr-technik\/#breadcrumb","itemListElement":[{"@type":"ListItem","position":1,"name":"Home","item":"http:\/\/www.kkr-gmbh.info\/de\/en\/home\/"},{"@type":"ListItem","position":2,"name":"Leistungen","item":"http:\/\/www.kkr-gmbh.info\/de\/de\/leistungen\/"},{"@type":"ListItem","position":3,"name":"MSR-Technik"}]},{"@type":"WebSite","@id":"http:\/\/www.kkr-gmbh.info\/de\/#website","url":"http:\/\/www.kkr-gmbh.info\/de\/","name":"KKR GmbH","description":"Klima-K\u00e4lte-Reinraumtechnik","publisher":{"@id":"http:\/\/www.kkr-gmbh.info\/de\/#organization"},"potentialAction":[{"@type":"SearchAction","target":{"@type":"EntryPoint","urlTemplate":"http:\/\/www.kkr-gmbh.info\/de\/?s={search_term_string}"},"query-input":{"@type":"PropertyValueSpecification","valueRequired":true,"valueName":"search_term_string"}}],"inLanguage":"en-US"},{"@type":"Organization","@id":"http:\/\/www.kkr-gmbh.info\/de\/#organization","name":"KKR GmbH","url":"http:\/\/www.kkr-gmbh.info\/de\/","logo":{"@type":"ImageObject","inLanguage":"en-US","@id":"http:\/\/www.kkr-gmbh.info\/de\/#\/schema\/logo\/image\/","url":"http:\/\/www.kkr-gmbh.info\/de\/wp-content\/uploads\/2025\/05\/kkr-icono-512px.jpg","contentUrl":"http:\/\/www.kkr-gmbh.info\/de\/wp-content\/uploads\/2025\/05\/kkr-icono-512px.jpg","width":512,"height":512,"caption":"KKR GmbH"},"image":{"@id":"http:\/\/www.kkr-gmbh.info\/de\/#\/schema\/logo\/image\/"}}]}},"uagb_featured_image_src":{"full":false,"thumbnail":false,"medium":false,"medium_large":false,"large":false,"1536x1536":false,"2048x2048":false},"uagb_author_info":{"display_name":"is","author_link":"http:\/\/www.kkr-gmbh.info\/de\/author\/is\/"},"uagb_comment_info":0,"uagb_excerpt":"MSR-Technik Als wegweisendes Technologieunternehmen bieten wir Ihnen leistungsstarke Automatisierungsl\u00f6sungen f\u00fcr unsere Anlagen. Unsere hoch qualifizierten Ingenieure setzen f\u00fcr Sie die komplexen Aufgabenstellungen um. Wir implementieren Komponenten unterschiedlicher Hersteller. Als Schwerpunkt verwenden wir Produkte des Schweizer Steuerungs- und Regelungsspezialisten SBC.Um automatisierungstechnische Anlagen effizient betreiben zu k\u00f6nnen, sind moderne Leit- und Bediensysteme unabdingbar. Gerne integrieren wir f\u00fcr&hellip;","_links":{"self":[{"href":"http:\/\/www.kkr-gmbh.info\/de\/wp-json\/wp\/v2\/pages\/3122","targetHints":{"allow":["GET"]}}],"collection":[{"href":"http:\/\/www.kkr-gmbh.info\/de\/wp-json\/wp\/v2\/pages"}],"about":[{"href":"http:\/\/www.kkr-gmbh.info\/de\/wp-json\/wp\/v2\/types\/page"}],"author":[{"embeddable":true,"href":"http:\/\/www.kkr-gmbh.info\/de\/wp-json\/wp\/v2\/users\/1"}],"replies":[{"embeddable":true,"href":"http:\/\/www.kkr-gmbh.info\/de\/wp-json\/wp\/v2\/comments?post=3122"}],"version-history":[{"count":0,"href":"http:\/\/www.kkr-gmbh.info\/de\/wp-json\/wp\/v2\/pages\/3122\/revisions"}],"up":[{"embeddable":true,"href":"http:\/\/www.kkr-gmbh.info\/de\/wp-json\/wp\/v2\/pages\/2177"}],"wp:attachment":[{"href":"http:\/\/www.kkr-gmbh.info\/de\/wp-json\/wp\/v2\/media?parent=3122"}],"curies":[{"name":"wp","href":"https:\/\/api.w.org\/{rel}","templated":true}]}}