{"id":2226,"date":"2024-08-04T23:38:27","date_gmt":"2024-08-04T21:38:27","guid":{"rendered":"http:\/\/www.kkr-gmbh.info\/de\/?page_id=2226"},"modified":"2025-05-19T23:53:57","modified_gmt":"2025-05-19T21:53:57","slug":"kaltetechnik","status":"publish","type":"page","link":"http:\/\/www.kkr-gmbh.info\/de\/de\/leistungen\/kaltetechnik\/","title":{"rendered":"K\u00e4ltetechnik"},"content":{"rendered":"\n<p class=\"has-text-color has-link-color wp-elements-9684ee336c222d16c05dfdfa439b7124\" style=\"color:#245dab;font-size:30px\">K\u00e4ltetechnik<\/p>\n\n\n\n<figure class=\"wp-block-image size-full\"><img loading=\"lazy\" decoding=\"async\" width=\"922\" height=\"201\" src=\"http:\/\/www.kkr-gmbh.info\/de\/wp-content\/uploads\/2025\/05\/kkr-kaltetechnik-ban1.jpg\" alt=\"\" class=\"wp-image-3040\" srcset=\"http:\/\/www.kkr-gmbh.info\/de\/wp-content\/uploads\/2025\/05\/kkr-kaltetechnik-ban1.jpg 922w, http:\/\/www.kkr-gmbh.info\/de\/wp-content\/uploads\/2025\/05\/kkr-kaltetechnik-ban1-300x65.jpg 300w, http:\/\/www.kkr-gmbh.info\/de\/wp-content\/uploads\/2025\/05\/kkr-kaltetechnik-ban1-768x167.jpg 768w\" sizes=\"auto, (max-width: 922px) 100vw, 922px\" \/><\/figure>\n\n\n\n<p>Innovative und effiziente Komfortklimatisierung geh\u00f6rt ebenso zu unserem Leistungsspektrum wie Spezialtiefk\u00fchlmaschinen f\u00fcr das industrielle Umfeld. Die KKR GmbH plant und baut die passenden K\u00e4lteanlagen f\u00fcr Ihr Unternehmen. Die KKR GmbH ist seit ihrer Gr\u00fcndung Fach- und Ausbildungsbetrieb f\u00fcr K\u00e4ltetechnik.<\/p>\n\n\n\n<div style=\"height:50px\" aria-hidden=\"true\" class=\"wp-block-spacer\"><\/div>\n\n\n\n<p class=\"has-ast-global-color-4-color has-text-color has-background has-link-color has-medium-font-size wp-elements-e1fe11bb49cafc602a5543aa6cc1c7bc\" style=\"background-color:#737374\">Kompressionsk\u00e4lteanlagen<\/p>\n\n\n\n<p><a href=\"http:\/\/kkr-gmbh.com\/de\/kaltetechnik\/#\"><strong>Direktverdampfungsanlagen f\u00fcr K\u00fchlr\u00e4ume<\/strong><\/a><\/p>\n\n\n\n<p>Wir bauen K\u00fchlr\u00e4ume im industriellen und gewerblichen Umfeld z. B. in der Pharma- oder Lebensmittelbranche.<\/p>\n\n\n\n<p><a href=\"http:\/\/kkr-gmbh.com\/de\/kaltetechnik\/#\"><strong>Direktverdampfungsanlagen f\u00fcr Tiefk\u00fchlr\u00e4ume<\/strong><\/a><\/p>\n\n\n\n<p>Eine unserer Kernkompetenzen ist der Bau von Direktverdampfungsanlagen f\u00fcr den Tieftemperaturbereich. Neben der K\u00e4ltetechnik liefern wir auch spezielle, von unseren Ingenieuren entwickelte Automatisierungsl\u00f6sungen f\u00fcr den sicheren und optimalen Betrieb Ihrer Tieftemperaturanlagen.<\/p>\n\n\n\n<p><a href=\"http:\/\/kkr-gmbh.com\/de\/kaltetechnik\/#\"><strong>Solek\u00fchl- und Tiefk\u00fchlmaschinen<\/strong><\/a><\/p>\n\n\n\n<p>Wir planen, bauen und liefern spezielle Solek\u00fchlmaschinen f\u00fcr Ihre Prozesse bis -50\u00b0C.<\/p>\n\n\n\n<p><a href=\"http:\/\/kkr-gmbh.com\/de\/kaltetechnik\/#\"><strong>Kaltwassererzeuger<\/strong><\/a><\/p>\n\n\n\n<p>Egal ob Scroll- Schrauben- oder Turboverdichter, wasser- oder luftgek\u00fchlt, mit oder ohne freier K\u00fchlung. Wir haben die richtige Technik f\u00fcr Ihren Anwendungsfall.<\/p>\n\n\n\n<p><a href=\"http:\/\/kkr-gmbh.com\/de\/kaltetechnik\/#\"><strong>VRF und Splitklimasysteme<\/strong><\/a><\/p>\n\n\n\n<p>Eine heute sehr beliebte und kosteng\u00fcnstige Variante der Komfortklimatisierung ist die VRF und Splitklimatechnik. Die KKR GmbH installiert Anlagen jeder Gr\u00f6\u00dfenordnung f\u00fcr Industrie-, Gewerbe- und \u00f6ffentliche Auftraggeber.<\/p>\n\n\n\n<div style=\"height:50px\" aria-hidden=\"true\" class=\"wp-block-spacer\"><\/div>\n\n\n\n<p class=\"has-ast-global-color-4-color has-text-color has-background has-link-color has-medium-font-size wp-elements-8f7a42dee64f4e6eb2eaa37696e08e69\" style=\"background-color:#737374\">Thermische K\u00e4ltemaschinen<\/p>\n\n\n\n<p><a href=\"http:\/\/kkr-gmbh.com\/de\/kaltetechnik\/#\"><strong>Absorbtionsk\u00e4ltemaschinen<\/strong><\/a><\/p>\n\n\n\n<p>\u00dcberall dort, wo kosteng\u00fcnstige W\u00e4rmeenergie mit Temperaturen oberhalb von 95\u00b0C zur Verf\u00fcgung steht und Klimakaltwasser erzeugt werden soll, ist die Absorbtionstechnik eine g\u00fcnstige Alternative zur herk\u00f6mmlichen Kompressionsk\u00e4ltetechnik. Die Absorbtionsk\u00e4ltetechnik eignet sich besonders in Verbindung mit BHKW-Anlagen als Kraft-W\u00e4rme-K\u00e4ltekopplung f\u00fcr mittlere bis gro\u00dfe Leistungsbereiche. In Verbindung mit einer Absorbtionsk\u00e4ltemaschine k\u00f6nnen Sie sehr gute Jahresarbeitszahlen Ihres BHKW erreichen. Dies wirkt sich positiv auf die Amortisationszeit Ihres BHKW`s aus.<\/p>\n\n\n\n<p><a href=\"http:\/\/kkr-gmbh.com\/de\/kaltetechnik\/#\"><strong>Adsorbtionsk\u00e4ltemaschinen<\/strong><\/a><\/p>\n\n\n\n<p>Im Gegensatz zur Absorbtionstechnik arbeitet die Adsorbtionstechnik bereits bei niedrigeren Antriebstemperaturen (ab ca. 65\u00b0C). Die Adsorbtionstechnik ist somit auch f\u00fcr den Einsatz als solares K\u00fchlsystem geeignet. Die KKR GmbH betreibt ein eigenes solares K\u00fchlsystem mit Absorbtionstechnik an ihrem Firmensitz in Langen\/Hessen. Gerne informieren wir Sie \u00fcber diese umweltfreundliche Klimatechnik in einem pers\u00f6nlichen Gespr\u00e4ch.<\/p>\n\n\n\n<p><\/p>\n","protected":false},"excerpt":{"rendered":"<p>K\u00e4ltetechnik Innovative und effiziente Komfortklimatisierung geh\u00f6rt ebenso zu unserem Leistungsspektrum wie Spezialtiefk\u00fchlmaschinen f\u00fcr das industrielle Umfeld. Die KKR GmbH plant und baut die passenden K\u00e4lteanlagen f\u00fcr Ihr Unternehmen. Die KKR GmbH ist seit ihrer Gr\u00fcndung Fach- und Ausbildungsbetrieb f\u00fcr K\u00e4ltetechnik. Kompressionsk\u00e4lteanlagen Direktverdampfungsanlagen f\u00fcr K\u00fchlr\u00e4ume Wir bauen K\u00fchlr\u00e4ume im industriellen und gewerblichen Umfeld z. B. in [&hellip;]<\/p>\n","protected":false},"author":1,"featured_media":0,"parent":2177,"menu_order":0,"comment_status":"closed","ping_status":"closed","template":"","meta":{"_uag_custom_page_level_css":"","site-sidebar-layout":"default","site-content-layout":"","ast-site-content-layout":"default","site-content-style":"default","site-sidebar-style":"default","ast-global-header-display":"","ast-banner-title-visibility":"","ast-main-header-display":"","ast-hfb-above-header-display":"","ast-hfb-below-header-display":"","ast-hfb-mobile-header-display":"","site-post-title":"disabled","ast-breadcrumbs-content":"","ast-featured-img":"","footer-sml-layout":"","theme-transparent-header-meta":"","adv-header-id-meta":"","stick-header-meta":"","header-above-stick-meta":"","header-main-stick-meta":"","header-below-stick-meta":"","astra-migrate-meta-layouts":"set","ast-page-background-enabled":"default","ast-page-background-meta":{"desktop":{"background-color":"var(--ast-global-color-4)","background-image":"","background-repeat":"repeat","background-position":"center center","background-size":"auto","background-attachment":"scroll","background-type":"","background-media":"","overlay-type":"","overlay-color":"","overlay-opacity":"","overlay-gradient":""},"tablet":{"background-color":"","background-image":"","background-repeat":"repeat","background-position":"center center","background-size":"auto","background-attachment":"scroll","background-type":"","background-media":"","overlay-type":"","overlay-color":"","overlay-opacity":"","overlay-gradient":""},"mobile":{"background-color":"","background-image":"","background-repeat":"repeat","background-position":"center center","background-size":"auto","background-attachment":"scroll","background-type":"","background-media":"","overlay-type":"","overlay-color":"","overlay-opacity":"","overlay-gradient":""}},"ast-content-background-meta":{"desktop":{"background-color":"var(--ast-global-color-5)","background-image":"","background-repeat":"repeat","background-position":"center center","background-size":"auto","background-attachment":"scroll","background-type":"","background-media":"","overlay-type":"","overlay-color":"","overlay-opacity":"","overlay-gradient":""},"tablet":{"background-color":"var(--ast-global-color-5)","background-image":"","background-repeat":"repeat","background-position":"center center","background-size":"auto","background-attachment":"scroll","background-type":"","background-media":"","overlay-type":"","overlay-color":"","overlay-opacity":"","overlay-gradient":""},"mobile":{"background-color":"var(--ast-global-color-5)","background-image":"","background-repeat":"repeat","background-position":"center center","background-size":"auto","background-attachment":"scroll","background-type":"","background-media":"","overlay-type":"","overlay-color":"","overlay-opacity":"","overlay-gradient":""}},"footnotes":""},"class_list":["post-2226","page","type-page","status-publish","hentry"],"yoast_head":"<!-- This site is optimized with the Yoast SEO plugin v25.1 - https:\/\/yoast.com\/wordpress\/plugins\/seo\/ -->\n<title>K\u00e4ltetechnik - KKR GmbH<\/title>\n<meta name=\"description\" content=\"Innovative und effiziente Komfortklimatisierung geh\u00f6rt ebenso zu unserem Leistungspektrum wie Spezialtiefk\u00fchlmaschinen f\u00fcr das industrielle Umfeld. Die KKR GmbH plant und baut die passenden K\u00e4lteanlagen f\u00fcr Ihr Unternehmen.\" \/>\n<meta name=\"robots\" content=\"index, follow, max-snippet:-1, max-image-preview:large, max-video-preview:-1\" \/>\n<link rel=\"canonical\" href=\"http:\/\/www.kkr-gmbh.info\/de\/de\/leistungen\/kaltetechnik\/\" \/>\n<meta property=\"og:locale\" content=\"en_US\" \/>\n<meta property=\"og:type\" content=\"article\" \/>\n<meta property=\"og:title\" content=\"K\u00e4ltetechnik - KKR GmbH\" \/>\n<meta property=\"og:description\" content=\"Innovative und effiziente Komfortklimatisierung geh\u00f6rt ebenso zu unserem Leistungspektrum wie Spezialtiefk\u00fchlmaschinen f\u00fcr das industrielle Umfeld. Die KKR GmbH plant und baut die passenden K\u00e4lteanlagen f\u00fcr Ihr Unternehmen.\" \/>\n<meta property=\"og:url\" content=\"http:\/\/www.kkr-gmbh.info\/de\/de\/leistungen\/kaltetechnik\/\" \/>\n<meta property=\"og:site_name\" content=\"KKR GmbH\" \/>\n<meta property=\"article:modified_time\" content=\"2025-05-19T21:53:57+00:00\" \/>\n<meta property=\"og:image\" content=\"http:\/\/www.kkr-gmbh.info\/de\/wp-content\/uploads\/2025\/05\/kkr-kaltetechnik-ban1.jpg\" \/>\n\t<meta property=\"og:image:width\" content=\"922\" \/>\n\t<meta property=\"og:image:height\" content=\"201\" \/>\n\t<meta property=\"og:image:type\" content=\"image\/jpeg\" \/>\n<meta name=\"twitter:card\" content=\"summary_large_image\" \/>\n<meta name=\"twitter:label1\" content=\"Est. reading time\" \/>\n\t<meta name=\"twitter:data1\" content=\"2 minutes\" \/>\n<script type=\"application\/ld+json\" class=\"yoast-schema-graph\">{\"@context\":\"https:\/\/schema.org\",\"@graph\":[{\"@type\":\"WebPage\",\"@id\":\"http:\/\/www.kkr-gmbh.info\/de\/de\/leistungen\/kaltetechnik\/\",\"url\":\"http:\/\/www.kkr-gmbh.info\/de\/de\/leistungen\/kaltetechnik\/\",\"name\":\"K\u00e4ltetechnik - KKR GmbH\",\"isPartOf\":{\"@id\":\"http:\/\/www.kkr-gmbh.info\/de\/#website\"},\"primaryImageOfPage\":{\"@id\":\"http:\/\/www.kkr-gmbh.info\/de\/de\/leistungen\/kaltetechnik\/#primaryimage\"},\"image\":{\"@id\":\"http:\/\/www.kkr-gmbh.info\/de\/de\/leistungen\/kaltetechnik\/#primaryimage\"},\"thumbnailUrl\":\"http:\/\/www.kkr-gmbh.info\/de\/wp-content\/uploads\/2025\/05\/kkr-kaltetechnik-ban1.jpg\",\"datePublished\":\"2024-08-04T21:38:27+00:00\",\"dateModified\":\"2025-05-19T21:53:57+00:00\",\"description\":\"Innovative und effiziente Komfortklimatisierung geh\u00f6rt ebenso zu unserem Leistungspektrum wie Spezialtiefk\u00fchlmaschinen f\u00fcr das industrielle Umfeld. Die KKR GmbH plant und baut die passenden K\u00e4lteanlagen f\u00fcr Ihr Unternehmen.\",\"breadcrumb\":{\"@id\":\"http:\/\/www.kkr-gmbh.info\/de\/de\/leistungen\/kaltetechnik\/#breadcrumb\"},\"inLanguage\":\"en-US\",\"potentialAction\":[{\"@type\":\"ReadAction\",\"target\":[\"http:\/\/www.kkr-gmbh.info\/de\/de\/leistungen\/kaltetechnik\/\"]}]},{\"@type\":\"ImageObject\",\"inLanguage\":\"en-US\",\"@id\":\"http:\/\/www.kkr-gmbh.info\/de\/de\/leistungen\/kaltetechnik\/#primaryimage\",\"url\":\"http:\/\/www.kkr-gmbh.info\/de\/wp-content\/uploads\/2025\/05\/kkr-kaltetechnik-ban1.jpg\",\"contentUrl\":\"http:\/\/www.kkr-gmbh.info\/de\/wp-content\/uploads\/2025\/05\/kkr-kaltetechnik-ban1.jpg\",\"width\":922,\"height\":201},{\"@type\":\"BreadcrumbList\",\"@id\":\"http:\/\/www.kkr-gmbh.info\/de\/de\/leistungen\/kaltetechnik\/#breadcrumb\",\"itemListElement\":[{\"@type\":\"ListItem\",\"position\":1,\"name\":\"Home\",\"item\":\"http:\/\/www.kkr-gmbh.info\/de\/en\/home\/\"},{\"@type\":\"ListItem\",\"position\":2,\"name\":\"Leistungen\",\"item\":\"http:\/\/www.kkr-gmbh.info\/de\/de\/leistungen\/\"},{\"@type\":\"ListItem\",\"position\":3,\"name\":\"K\u00e4ltetechnik\"}]},{\"@type\":\"WebSite\",\"@id\":\"http:\/\/www.kkr-gmbh.info\/de\/#website\",\"url\":\"http:\/\/www.kkr-gmbh.info\/de\/\",\"name\":\"KKR GmbH\",\"description\":\"Klima-K\u00e4lte-Reinraumtechnik\",\"publisher\":{\"@id\":\"http:\/\/www.kkr-gmbh.info\/de\/#organization\"},\"potentialAction\":[{\"@type\":\"SearchAction\",\"target\":{\"@type\":\"EntryPoint\",\"urlTemplate\":\"http:\/\/www.kkr-gmbh.info\/de\/?s={search_term_string}\"},\"query-input\":{\"@type\":\"PropertyValueSpecification\",\"valueRequired\":true,\"valueName\":\"search_term_string\"}}],\"inLanguage\":\"en-US\"},{\"@type\":\"Organization\",\"@id\":\"http:\/\/www.kkr-gmbh.info\/de\/#organization\",\"name\":\"KKR GmbH\",\"url\":\"http:\/\/www.kkr-gmbh.info\/de\/\",\"logo\":{\"@type\":\"ImageObject\",\"inLanguage\":\"en-US\",\"@id\":\"http:\/\/www.kkr-gmbh.info\/de\/#\/schema\/logo\/image\/\",\"url\":\"http:\/\/www.kkr-gmbh.info\/de\/wp-content\/uploads\/2025\/05\/kkr-icono-512px.jpg\",\"contentUrl\":\"http:\/\/www.kkr-gmbh.info\/de\/wp-content\/uploads\/2025\/05\/kkr-icono-512px.jpg\",\"width\":512,\"height\":512,\"caption\":\"KKR GmbH\"},\"image\":{\"@id\":\"http:\/\/www.kkr-gmbh.info\/de\/#\/schema\/logo\/image\/\"}}]}<\/script>\n<!-- \/ Yoast SEO plugin. -->","yoast_head_json":{"title":"K\u00e4ltetechnik - KKR GmbH","description":"Innovative und effiziente Komfortklimatisierung geh\u00f6rt ebenso zu unserem Leistungspektrum wie Spezialtiefk\u00fchlmaschinen f\u00fcr das industrielle Umfeld. Die KKR GmbH plant und baut die passenden K\u00e4lteanlagen f\u00fcr Ihr Unternehmen.","robots":{"index":"index","follow":"follow","max-snippet":"max-snippet:-1","max-image-preview":"max-image-preview:large","max-video-preview":"max-video-preview:-1"},"canonical":"http:\/\/www.kkr-gmbh.info\/de\/de\/leistungen\/kaltetechnik\/","og_locale":"en_US","og_type":"article","og_title":"K\u00e4ltetechnik - KKR GmbH","og_description":"Innovative und effiziente Komfortklimatisierung geh\u00f6rt ebenso zu unserem Leistungspektrum wie Spezialtiefk\u00fchlmaschinen f\u00fcr das industrielle Umfeld. Die KKR GmbH plant und baut die passenden K\u00e4lteanlagen f\u00fcr Ihr Unternehmen.","og_url":"http:\/\/www.kkr-gmbh.info\/de\/de\/leistungen\/kaltetechnik\/","og_site_name":"KKR GmbH","article_modified_time":"2025-05-19T21:53:57+00:00","og_image":[{"width":922,"height":201,"url":"http:\/\/www.kkr-gmbh.info\/de\/wp-content\/uploads\/2025\/05\/kkr-kaltetechnik-ban1.jpg","type":"image\/jpeg"}],"twitter_card":"summary_large_image","twitter_misc":{"Est. reading time":"2 minutes"},"schema":{"@context":"https:\/\/schema.org","@graph":[{"@type":"WebPage","@id":"http:\/\/www.kkr-gmbh.info\/de\/de\/leistungen\/kaltetechnik\/","url":"http:\/\/www.kkr-gmbh.info\/de\/de\/leistungen\/kaltetechnik\/","name":"K\u00e4ltetechnik - KKR GmbH","isPartOf":{"@id":"http:\/\/www.kkr-gmbh.info\/de\/#website"},"primaryImageOfPage":{"@id":"http:\/\/www.kkr-gmbh.info\/de\/de\/leistungen\/kaltetechnik\/#primaryimage"},"image":{"@id":"http:\/\/www.kkr-gmbh.info\/de\/de\/leistungen\/kaltetechnik\/#primaryimage"},"thumbnailUrl":"http:\/\/www.kkr-gmbh.info\/de\/wp-content\/uploads\/2025\/05\/kkr-kaltetechnik-ban1.jpg","datePublished":"2024-08-04T21:38:27+00:00","dateModified":"2025-05-19T21:53:57+00:00","description":"Innovative und effiziente Komfortklimatisierung geh\u00f6rt ebenso zu unserem Leistungspektrum wie Spezialtiefk\u00fchlmaschinen f\u00fcr das industrielle Umfeld. Die KKR GmbH plant und baut die passenden K\u00e4lteanlagen f\u00fcr Ihr Unternehmen.","breadcrumb":{"@id":"http:\/\/www.kkr-gmbh.info\/de\/de\/leistungen\/kaltetechnik\/#breadcrumb"},"inLanguage":"en-US","potentialAction":[{"@type":"ReadAction","target":["http:\/\/www.kkr-gmbh.info\/de\/de\/leistungen\/kaltetechnik\/"]}]},{"@type":"ImageObject","inLanguage":"en-US","@id":"http:\/\/www.kkr-gmbh.info\/de\/de\/leistungen\/kaltetechnik\/#primaryimage","url":"http:\/\/www.kkr-gmbh.info\/de\/wp-content\/uploads\/2025\/05\/kkr-kaltetechnik-ban1.jpg","contentUrl":"http:\/\/www.kkr-gmbh.info\/de\/wp-content\/uploads\/2025\/05\/kkr-kaltetechnik-ban1.jpg","width":922,"height":201},{"@type":"BreadcrumbList","@id":"http:\/\/www.kkr-gmbh.info\/de\/de\/leistungen\/kaltetechnik\/#breadcrumb","itemListElement":[{"@type":"ListItem","position":1,"name":"Home","item":"http:\/\/www.kkr-gmbh.info\/de\/en\/home\/"},{"@type":"ListItem","position":2,"name":"Leistungen","item":"http:\/\/www.kkr-gmbh.info\/de\/de\/leistungen\/"},{"@type":"ListItem","position":3,"name":"K\u00e4ltetechnik"}]},{"@type":"WebSite","@id":"http:\/\/www.kkr-gmbh.info\/de\/#website","url":"http:\/\/www.kkr-gmbh.info\/de\/","name":"KKR GmbH","description":"Klima-K\u00e4lte-Reinraumtechnik","publisher":{"@id":"http:\/\/www.kkr-gmbh.info\/de\/#organization"},"potentialAction":[{"@type":"SearchAction","target":{"@type":"EntryPoint","urlTemplate":"http:\/\/www.kkr-gmbh.info\/de\/?s={search_term_string}"},"query-input":{"@type":"PropertyValueSpecification","valueRequired":true,"valueName":"search_term_string"}}],"inLanguage":"en-US"},{"@type":"Organization","@id":"http:\/\/www.kkr-gmbh.info\/de\/#organization","name":"KKR GmbH","url":"http:\/\/www.kkr-gmbh.info\/de\/","logo":{"@type":"ImageObject","inLanguage":"en-US","@id":"http:\/\/www.kkr-gmbh.info\/de\/#\/schema\/logo\/image\/","url":"http:\/\/www.kkr-gmbh.info\/de\/wp-content\/uploads\/2025\/05\/kkr-icono-512px.jpg","contentUrl":"http:\/\/www.kkr-gmbh.info\/de\/wp-content\/uploads\/2025\/05\/kkr-icono-512px.jpg","width":512,"height":512,"caption":"KKR GmbH"},"image":{"@id":"http:\/\/www.kkr-gmbh.info\/de\/#\/schema\/logo\/image\/"}}]}},"uagb_featured_image_src":{"full":false,"thumbnail":false,"medium":false,"medium_large":false,"large":false,"1536x1536":false,"2048x2048":false},"uagb_author_info":{"display_name":"is","author_link":"http:\/\/www.kkr-gmbh.info\/de\/author\/is\/"},"uagb_comment_info":0,"uagb_excerpt":"K\u00e4ltetechnik Innovative und effiziente Komfortklimatisierung geh\u00f6rt ebenso zu unserem Leistungsspektrum wie Spezialtiefk\u00fchlmaschinen f\u00fcr das industrielle Umfeld. Die KKR GmbH plant und baut die passenden K\u00e4lteanlagen f\u00fcr Ihr Unternehmen. Die KKR GmbH ist seit ihrer Gr\u00fcndung Fach- und Ausbildungsbetrieb f\u00fcr K\u00e4ltetechnik. Kompressionsk\u00e4lteanlagen Direktverdampfungsanlagen f\u00fcr K\u00fchlr\u00e4ume Wir bauen K\u00fchlr\u00e4ume im industriellen und gewerblichen Umfeld z. B. in&hellip;","_links":{"self":[{"href":"http:\/\/www.kkr-gmbh.info\/de\/wp-json\/wp\/v2\/pages\/2226","targetHints":{"allow":["GET"]}}],"collection":[{"href":"http:\/\/www.kkr-gmbh.info\/de\/wp-json\/wp\/v2\/pages"}],"about":[{"href":"http:\/\/www.kkr-gmbh.info\/de\/wp-json\/wp\/v2\/types\/page"}],"author":[{"embeddable":true,"href":"http:\/\/www.kkr-gmbh.info\/de\/wp-json\/wp\/v2\/users\/1"}],"replies":[{"embeddable":true,"href":"http:\/\/www.kkr-gmbh.info\/de\/wp-json\/wp\/v2\/comments?post=2226"}],"version-history":[{"count":0,"href":"http:\/\/www.kkr-gmbh.info\/de\/wp-json\/wp\/v2\/pages\/2226\/revisions"}],"up":[{"embeddable":true,"href":"http:\/\/www.kkr-gmbh.info\/de\/wp-json\/wp\/v2\/pages\/2177"}],"wp:attachment":[{"href":"http:\/\/www.kkr-gmbh.info\/de\/wp-json\/wp\/v2\/media?parent=2226"}],"curies":[{"name":"wp","href":"https:\/\/api.w.org\/{rel}","templated":true}]}}