{"id":2190,"date":"2024-08-04T22:49:00","date_gmt":"2024-08-04T20:49:00","guid":{"rendered":"http:\/\/www.kkr-gmbh.info\/de\/?page_id=2190"},"modified":"2025-05-19T23:55:14","modified_gmt":"2025-05-19T21:55:14","slug":"reinraumtechnik","status":"publish","type":"page","link":"http:\/\/www.kkr-gmbh.info\/de\/de\/leistungen\/reinraumtechnik\/","title":{"rendered":"Reinraumtechnik"},"content":{"rendered":"\n<p class=\"has-text-color has-link-color wp-elements-9457960f03bbd3a9385176f64e014018\" style=\"color:#245dab;font-size:30px\">Reinraumtechnik<\/p>\n\n\n\n<figure class=\"wp-block-image size-full\"><img loading=\"lazy\" decoding=\"async\" width=\"922\" height=\"201\" src=\"http:\/\/www.kkr-gmbh.info\/de\/wp-content\/uploads\/2025\/05\/kkr-reinraumtechnik-ban.jpg\" alt=\"\" class=\"wp-image-3038\" srcset=\"http:\/\/www.kkr-gmbh.info\/de\/wp-content\/uploads\/2025\/05\/kkr-reinraumtechnik-ban.jpg 922w, http:\/\/www.kkr-gmbh.info\/de\/wp-content\/uploads\/2025\/05\/kkr-reinraumtechnik-ban-300x65.jpg 300w, http:\/\/www.kkr-gmbh.info\/de\/wp-content\/uploads\/2025\/05\/kkr-reinraumtechnik-ban-768x167.jpg 768w\" sizes=\"auto, (max-width: 922px) 100vw, 922px\" \/><\/figure>\n\n\n\n<p>Die KKR GmbH liefert seit mehr als 20 Jahren Reinraumtechnik f\u00fcr die Pharmaindustrie. Unsere Spezialisten planen und bauen die passenden Anlagen gem\u00e4\u00df Ihrem Bedarf. Egal welcher Reinraumklasse! Des Weiteren bieten wir unseren Kunden Zusatzleistungen wie Reinraummonitoring, Qualifizierungen und DEHS Tests f\u00fcr den GMP gerechten Betrieb an.<\/p>\n\n\n\n<p><\/p>\n","protected":false},"excerpt":{"rendered":"<p>Reinraumtechnik Die KKR GmbH liefert seit mehr als 20 Jahren Reinraumtechnik f\u00fcr die Pharmaindustrie. Unsere Spezialisten planen und bauen die passenden Anlagen gem\u00e4\u00df Ihrem Bedarf. Egal welcher Reinraumklasse! Des Weiteren bieten wir unseren Kunden Zusatzleistungen wie Reinraummonitoring, Qualifizierungen und DEHS Tests f\u00fcr den GMP gerechten Betrieb an.<\/p>\n","protected":false},"author":1,"featured_media":0,"parent":2177,"menu_order":0,"comment_status":"closed","ping_status":"closed","template":"","meta":{"_uag_custom_page_level_css":"","site-sidebar-layout":"default","site-content-layout":"","ast-site-content-layout":"default","site-content-style":"default","site-sidebar-style":"default","ast-global-header-display":"","ast-banner-title-visibility":"","ast-main-header-display":"","ast-hfb-above-header-display":"","ast-hfb-below-header-display":"","ast-hfb-mobile-header-display":"","site-post-title":"disabled","ast-breadcrumbs-content":"","ast-featured-img":"","footer-sml-layout":"","theme-transparent-header-meta":"","adv-header-id-meta":"","stick-header-meta":"","header-above-stick-meta":"","header-main-stick-meta":"","header-below-stick-meta":"","astra-migrate-meta-layouts":"set","ast-page-background-enabled":"default","ast-page-background-meta":{"desktop":{"background-color":"var(--ast-global-color-4)","background-image":"","background-repeat":"repeat","background-position":"center center","background-size":"auto","background-attachment":"scroll","background-type":"","background-media":"","overlay-type":"","overlay-color":"","overlay-opacity":"","overlay-gradient":""},"tablet":{"background-color":"","background-image":"","background-repeat":"repeat","background-position":"center center","background-size":"auto","background-attachment":"scroll","background-type":"","background-media":"","overlay-type":"","overlay-color":"","overlay-opacity":"","overlay-gradient":""},"mobile":{"background-color":"","background-image":"","background-repeat":"repeat","background-position":"center center","background-size":"auto","background-attachment":"scroll","background-type":"","background-media":"","overlay-type":"","overlay-color":"","overlay-opacity":"","overlay-gradient":""}},"ast-content-background-meta":{"desktop":{"background-color":"var(--ast-global-color-5)","background-image":"","background-repeat":"repeat","background-position":"center center","background-size":"auto","background-attachment":"scroll","background-type":"","background-media":"","overlay-type":"","overlay-color":"","overlay-opacity":"","overlay-gradient":""},"tablet":{"background-color":"var(--ast-global-color-5)","background-image":"","background-repeat":"repeat","background-position":"center center","background-size":"auto","background-attachment":"scroll","background-type":"","background-media":"","overlay-type":"","overlay-color":"","overlay-opacity":"","overlay-gradient":""},"mobile":{"background-color":"var(--ast-global-color-5)","background-image":"","background-repeat":"repeat","background-position":"center center","background-size":"auto","background-attachment":"scroll","background-type":"","background-media":"","overlay-type":"","overlay-color":"","overlay-opacity":"","overlay-gradient":""}},"footnotes":""},"class_list":["post-2190","page","type-page","status-publish","hentry"],"yoast_head":"<!-- This site is optimized with the Yoast SEO plugin v25.1 - https:\/\/yoast.com\/wordpress\/plugins\/seo\/ -->\n<title>Reinraumtechnik - KKR GmbH<\/title>\n<meta name=\"description\" content=\"Die KKR GmbH liefert seit mehr als 20 Jahren Reinraumtechnik f\u00fcr die Pharmaindustrie. Unsere Spezialisten planen und bauen die passenden Anlagen gem\u00e4\u00df ihrem Bedarf. Egal welcher Reinraumklasse! Des Weiteren bieten wir unseren Kunden Zusatzleistungen wie Reinraummonitoring, Qualifizierungen und DEHS Tests f\u00fcr den GMP gerechten Betrieb an.\" \/>\n<meta name=\"robots\" content=\"index, follow, max-snippet:-1, max-image-preview:large, max-video-preview:-1\" \/>\n<link rel=\"canonical\" href=\"http:\/\/www.kkr-gmbh.info\/de\/de\/leistungen\/reinraumtechnik\/\" \/>\n<meta property=\"og:locale\" content=\"en_US\" \/>\n<meta property=\"og:type\" content=\"article\" \/>\n<meta property=\"og:title\" content=\"Reinraumtechnik - KKR GmbH\" \/>\n<meta property=\"og:description\" content=\"Die KKR GmbH liefert seit mehr als 20 Jahren Reinraumtechnik f\u00fcr die Pharmaindustrie. Unsere Spezialisten planen und bauen die passenden Anlagen gem\u00e4\u00df ihrem Bedarf. Egal welcher Reinraumklasse! Des Weiteren bieten wir unseren Kunden Zusatzleistungen wie Reinraummonitoring, Qualifizierungen und DEHS Tests f\u00fcr den GMP gerechten Betrieb an.\" \/>\n<meta property=\"og:url\" content=\"http:\/\/www.kkr-gmbh.info\/de\/de\/leistungen\/reinraumtechnik\/\" \/>\n<meta property=\"og:site_name\" content=\"KKR GmbH\" \/>\n<meta property=\"article:modified_time\" content=\"2025-05-19T21:55:14+00:00\" \/>\n<meta property=\"og:image\" content=\"http:\/\/www.kkr-gmbh.info\/de\/wp-content\/uploads\/2025\/05\/kkr-reinraumtechnik-ban.jpg\" \/>\n\t<meta property=\"og:image:width\" content=\"922\" \/>\n\t<meta property=\"og:image:height\" content=\"201\" \/>\n\t<meta property=\"og:image:type\" content=\"image\/jpeg\" \/>\n<meta name=\"twitter:card\" content=\"summary_large_image\" \/>\n<meta name=\"twitter:label1\" content=\"Est. reading time\" \/>\n\t<meta name=\"twitter:data1\" content=\"1 minute\" \/>\n<script type=\"application\/ld+json\" class=\"yoast-schema-graph\">{\"@context\":\"https:\/\/schema.org\",\"@graph\":[{\"@type\":\"WebPage\",\"@id\":\"http:\/\/www.kkr-gmbh.info\/de\/de\/leistungen\/reinraumtechnik\/\",\"url\":\"http:\/\/www.kkr-gmbh.info\/de\/de\/leistungen\/reinraumtechnik\/\",\"name\":\"Reinraumtechnik - KKR GmbH\",\"isPartOf\":{\"@id\":\"http:\/\/www.kkr-gmbh.info\/de\/#website\"},\"primaryImageOfPage\":{\"@id\":\"http:\/\/www.kkr-gmbh.info\/de\/de\/leistungen\/reinraumtechnik\/#primaryimage\"},\"image\":{\"@id\":\"http:\/\/www.kkr-gmbh.info\/de\/de\/leistungen\/reinraumtechnik\/#primaryimage\"},\"thumbnailUrl\":\"http:\/\/www.kkr-gmbh.info\/de\/wp-content\/uploads\/2025\/05\/kkr-reinraumtechnik-ban.jpg\",\"datePublished\":\"2024-08-04T20:49:00+00:00\",\"dateModified\":\"2025-05-19T21:55:14+00:00\",\"description\":\"Die KKR GmbH liefert seit mehr als 20 Jahren Reinraumtechnik f\u00fcr die Pharmaindustrie. Unsere Spezialisten planen und bauen die passenden Anlagen gem\u00e4\u00df ihrem Bedarf. Egal welcher Reinraumklasse! Des Weiteren bieten wir unseren Kunden Zusatzleistungen wie Reinraummonitoring, Qualifizierungen und DEHS Tests f\u00fcr den GMP gerechten Betrieb an.\",\"breadcrumb\":{\"@id\":\"http:\/\/www.kkr-gmbh.info\/de\/de\/leistungen\/reinraumtechnik\/#breadcrumb\"},\"inLanguage\":\"en-US\",\"potentialAction\":[{\"@type\":\"ReadAction\",\"target\":[\"http:\/\/www.kkr-gmbh.info\/de\/de\/leistungen\/reinraumtechnik\/\"]}]},{\"@type\":\"ImageObject\",\"inLanguage\":\"en-US\",\"@id\":\"http:\/\/www.kkr-gmbh.info\/de\/de\/leistungen\/reinraumtechnik\/#primaryimage\",\"url\":\"http:\/\/www.kkr-gmbh.info\/de\/wp-content\/uploads\/2025\/05\/kkr-reinraumtechnik-ban.jpg\",\"contentUrl\":\"http:\/\/www.kkr-gmbh.info\/de\/wp-content\/uploads\/2025\/05\/kkr-reinraumtechnik-ban.jpg\",\"width\":922,\"height\":201},{\"@type\":\"BreadcrumbList\",\"@id\":\"http:\/\/www.kkr-gmbh.info\/de\/de\/leistungen\/reinraumtechnik\/#breadcrumb\",\"itemListElement\":[{\"@type\":\"ListItem\",\"position\":1,\"name\":\"Home\",\"item\":\"http:\/\/www.kkr-gmbh.info\/de\/en\/home\/\"},{\"@type\":\"ListItem\",\"position\":2,\"name\":\"Leistungen\",\"item\":\"http:\/\/www.kkr-gmbh.info\/de\/de\/leistungen\/\"},{\"@type\":\"ListItem\",\"position\":3,\"name\":\"Reinraumtechnik\"}]},{\"@type\":\"WebSite\",\"@id\":\"http:\/\/www.kkr-gmbh.info\/de\/#website\",\"url\":\"http:\/\/www.kkr-gmbh.info\/de\/\",\"name\":\"KKR GmbH\",\"description\":\"Klima-K\u00e4lte-Reinraumtechnik\",\"publisher\":{\"@id\":\"http:\/\/www.kkr-gmbh.info\/de\/#organization\"},\"potentialAction\":[{\"@type\":\"SearchAction\",\"target\":{\"@type\":\"EntryPoint\",\"urlTemplate\":\"http:\/\/www.kkr-gmbh.info\/de\/?s={search_term_string}\"},\"query-input\":{\"@type\":\"PropertyValueSpecification\",\"valueRequired\":true,\"valueName\":\"search_term_string\"}}],\"inLanguage\":\"en-US\"},{\"@type\":\"Organization\",\"@id\":\"http:\/\/www.kkr-gmbh.info\/de\/#organization\",\"name\":\"KKR GmbH\",\"url\":\"http:\/\/www.kkr-gmbh.info\/de\/\",\"logo\":{\"@type\":\"ImageObject\",\"inLanguage\":\"en-US\",\"@id\":\"http:\/\/www.kkr-gmbh.info\/de\/#\/schema\/logo\/image\/\",\"url\":\"http:\/\/www.kkr-gmbh.info\/de\/wp-content\/uploads\/2025\/05\/kkr-icono-512px.jpg\",\"contentUrl\":\"http:\/\/www.kkr-gmbh.info\/de\/wp-content\/uploads\/2025\/05\/kkr-icono-512px.jpg\",\"width\":512,\"height\":512,\"caption\":\"KKR GmbH\"},\"image\":{\"@id\":\"http:\/\/www.kkr-gmbh.info\/de\/#\/schema\/logo\/image\/\"}}]}<\/script>\n<!-- \/ Yoast SEO plugin. -->","yoast_head_json":{"title":"Reinraumtechnik - KKR GmbH","description":"Die KKR GmbH liefert seit mehr als 20 Jahren Reinraumtechnik f\u00fcr die Pharmaindustrie. Unsere Spezialisten planen und bauen die passenden Anlagen gem\u00e4\u00df ihrem Bedarf. Egal welcher Reinraumklasse! Des Weiteren bieten wir unseren Kunden Zusatzleistungen wie Reinraummonitoring, Qualifizierungen und DEHS Tests f\u00fcr den GMP gerechten Betrieb an.","robots":{"index":"index","follow":"follow","max-snippet":"max-snippet:-1","max-image-preview":"max-image-preview:large","max-video-preview":"max-video-preview:-1"},"canonical":"http:\/\/www.kkr-gmbh.info\/de\/de\/leistungen\/reinraumtechnik\/","og_locale":"en_US","og_type":"article","og_title":"Reinraumtechnik - KKR GmbH","og_description":"Die KKR GmbH liefert seit mehr als 20 Jahren Reinraumtechnik f\u00fcr die Pharmaindustrie. Unsere Spezialisten planen und bauen die passenden Anlagen gem\u00e4\u00df ihrem Bedarf. Egal welcher Reinraumklasse! Des Weiteren bieten wir unseren Kunden Zusatzleistungen wie Reinraummonitoring, Qualifizierungen und DEHS Tests f\u00fcr den GMP gerechten Betrieb an.","og_url":"http:\/\/www.kkr-gmbh.info\/de\/de\/leistungen\/reinraumtechnik\/","og_site_name":"KKR GmbH","article_modified_time":"2025-05-19T21:55:14+00:00","og_image":[{"width":922,"height":201,"url":"http:\/\/www.kkr-gmbh.info\/de\/wp-content\/uploads\/2025\/05\/kkr-reinraumtechnik-ban.jpg","type":"image\/jpeg"}],"twitter_card":"summary_large_image","twitter_misc":{"Est. reading time":"1 minute"},"schema":{"@context":"https:\/\/schema.org","@graph":[{"@type":"WebPage","@id":"http:\/\/www.kkr-gmbh.info\/de\/de\/leistungen\/reinraumtechnik\/","url":"http:\/\/www.kkr-gmbh.info\/de\/de\/leistungen\/reinraumtechnik\/","name":"Reinraumtechnik - KKR GmbH","isPartOf":{"@id":"http:\/\/www.kkr-gmbh.info\/de\/#website"},"primaryImageOfPage":{"@id":"http:\/\/www.kkr-gmbh.info\/de\/de\/leistungen\/reinraumtechnik\/#primaryimage"},"image":{"@id":"http:\/\/www.kkr-gmbh.info\/de\/de\/leistungen\/reinraumtechnik\/#primaryimage"},"thumbnailUrl":"http:\/\/www.kkr-gmbh.info\/de\/wp-content\/uploads\/2025\/05\/kkr-reinraumtechnik-ban.jpg","datePublished":"2024-08-04T20:49:00+00:00","dateModified":"2025-05-19T21:55:14+00:00","description":"Die KKR GmbH liefert seit mehr als 20 Jahren Reinraumtechnik f\u00fcr die Pharmaindustrie. Unsere Spezialisten planen und bauen die passenden Anlagen gem\u00e4\u00df ihrem Bedarf. Egal welcher Reinraumklasse! Des Weiteren bieten wir unseren Kunden Zusatzleistungen wie Reinraummonitoring, Qualifizierungen und DEHS Tests f\u00fcr den GMP gerechten Betrieb an.","breadcrumb":{"@id":"http:\/\/www.kkr-gmbh.info\/de\/de\/leistungen\/reinraumtechnik\/#breadcrumb"},"inLanguage":"en-US","potentialAction":[{"@type":"ReadAction","target":["http:\/\/www.kkr-gmbh.info\/de\/de\/leistungen\/reinraumtechnik\/"]}]},{"@type":"ImageObject","inLanguage":"en-US","@id":"http:\/\/www.kkr-gmbh.info\/de\/de\/leistungen\/reinraumtechnik\/#primaryimage","url":"http:\/\/www.kkr-gmbh.info\/de\/wp-content\/uploads\/2025\/05\/kkr-reinraumtechnik-ban.jpg","contentUrl":"http:\/\/www.kkr-gmbh.info\/de\/wp-content\/uploads\/2025\/05\/kkr-reinraumtechnik-ban.jpg","width":922,"height":201},{"@type":"BreadcrumbList","@id":"http:\/\/www.kkr-gmbh.info\/de\/de\/leistungen\/reinraumtechnik\/#breadcrumb","itemListElement":[{"@type":"ListItem","position":1,"name":"Home","item":"http:\/\/www.kkr-gmbh.info\/de\/en\/home\/"},{"@type":"ListItem","position":2,"name":"Leistungen","item":"http:\/\/www.kkr-gmbh.info\/de\/de\/leistungen\/"},{"@type":"ListItem","position":3,"name":"Reinraumtechnik"}]},{"@type":"WebSite","@id":"http:\/\/www.kkr-gmbh.info\/de\/#website","url":"http:\/\/www.kkr-gmbh.info\/de\/","name":"KKR GmbH","description":"Klima-K\u00e4lte-Reinraumtechnik","publisher":{"@id":"http:\/\/www.kkr-gmbh.info\/de\/#organization"},"potentialAction":[{"@type":"SearchAction","target":{"@type":"EntryPoint","urlTemplate":"http:\/\/www.kkr-gmbh.info\/de\/?s={search_term_string}"},"query-input":{"@type":"PropertyValueSpecification","valueRequired":true,"valueName":"search_term_string"}}],"inLanguage":"en-US"},{"@type":"Organization","@id":"http:\/\/www.kkr-gmbh.info\/de\/#organization","name":"KKR GmbH","url":"http:\/\/www.kkr-gmbh.info\/de\/","logo":{"@type":"ImageObject","inLanguage":"en-US","@id":"http:\/\/www.kkr-gmbh.info\/de\/#\/schema\/logo\/image\/","url":"http:\/\/www.kkr-gmbh.info\/de\/wp-content\/uploads\/2025\/05\/kkr-icono-512px.jpg","contentUrl":"http:\/\/www.kkr-gmbh.info\/de\/wp-content\/uploads\/2025\/05\/kkr-icono-512px.jpg","width":512,"height":512,"caption":"KKR GmbH"},"image":{"@id":"http:\/\/www.kkr-gmbh.info\/de\/#\/schema\/logo\/image\/"}}]}},"uagb_featured_image_src":{"full":false,"thumbnail":false,"medium":false,"medium_large":false,"large":false,"1536x1536":false,"2048x2048":false},"uagb_author_info":{"display_name":"is","author_link":"http:\/\/www.kkr-gmbh.info\/de\/author\/is\/"},"uagb_comment_info":0,"uagb_excerpt":"Reinraumtechnik Die KKR GmbH liefert seit mehr als 20 Jahren Reinraumtechnik f\u00fcr die Pharmaindustrie. Unsere Spezialisten planen und bauen die passenden Anlagen gem\u00e4\u00df Ihrem Bedarf. Egal welcher Reinraumklasse! Des Weiteren bieten wir unseren Kunden Zusatzleistungen wie Reinraummonitoring, Qualifizierungen und DEHS Tests f\u00fcr den GMP gerechten Betrieb an.","_links":{"self":[{"href":"http:\/\/www.kkr-gmbh.info\/de\/wp-json\/wp\/v2\/pages\/2190","targetHints":{"allow":["GET"]}}],"collection":[{"href":"http:\/\/www.kkr-gmbh.info\/de\/wp-json\/wp\/v2\/pages"}],"about":[{"href":"http:\/\/www.kkr-gmbh.info\/de\/wp-json\/wp\/v2\/types\/page"}],"author":[{"embeddable":true,"href":"http:\/\/www.kkr-gmbh.info\/de\/wp-json\/wp\/v2\/users\/1"}],"replies":[{"embeddable":true,"href":"http:\/\/www.kkr-gmbh.info\/de\/wp-json\/wp\/v2\/comments?post=2190"}],"version-history":[{"count":0,"href":"http:\/\/www.kkr-gmbh.info\/de\/wp-json\/wp\/v2\/pages\/2190\/revisions"}],"up":[{"embeddable":true,"href":"http:\/\/www.kkr-gmbh.info\/de\/wp-json\/wp\/v2\/pages\/2177"}],"wp:attachment":[{"href":"http:\/\/www.kkr-gmbh.info\/de\/wp-json\/wp\/v2\/media?parent=2190"}],"curies":[{"name":"wp","href":"https:\/\/api.w.org\/{rel}","templated":true}]}}