{"id":1007,"date":"2021-10-11T05:03:43","date_gmt":"2021-10-11T05:03:43","guid":{"rendered":"http:\/\/www.kkr-gmbh.info\/de\/home\/"},"modified":"2025-05-19T23:33:03","modified_gmt":"2025-05-19T21:33:03","slug":"home","status":"publish","type":"page","link":"http:\/\/www.kkr-gmbh.info\/de\/en\/home\/","title":{"rendered":"Home"},"content":{"rendered":"\n<div style=\"height:20px\" aria-hidden=\"true\" class=\"wp-block-spacer\"><\/div>\n\n\n\n<div class=\"alignnormal\"><div id=\"metaslider-id-2443\" style=\"width: 100%;\" class=\"ml-slider-3-98-0 metaslider metaslider-flex metaslider-2443 ml-slider ms-theme-default\" role=\"region\" aria-roledescription=\"Slideshow\" aria-label=\"is-en\" data-width=\"1500\">\n    <div id=\"metaslider_container_2443\">\n        <div id=\"metaslider_2443\">\n            <ul class='slides'>\n                <li style=\"display: block; width: 100%;\" class=\"slide-2444 ms-image \" aria-roledescription=\"slide\" aria-label=\"slide-2444\" data-date=\"2024-08-06 13:53:11\"><img loading=\"lazy\" decoding=\"async\" src=\"http:\/\/www.kkr-gmbh.info\/de\/wp-content\/uploads\/2025\/05\/ban-sup-01-en.jpg\" height=\"400\" width=\"1500\" alt=\"Your investment is in the best of hands\" class=\"slider-2443 slide-2444\" title=\"Your investment is in the best of hands\" \/><\/li>\n                <li style=\"display: none; width: 100%;\" class=\"slide-2446 ms-image \" aria-roledescription=\"slide\" aria-label=\"slide-2446\" data-date=\"2024-08-06 13:53:11\"><img loading=\"lazy\" decoding=\"async\" src=\"http:\/\/www.kkr-gmbh.info\/de\/wp-content\/uploads\/2025\/05\/ban-sup-02-en.jpg\" height=\"400\" width=\"1500\" alt=\"Services to order\" class=\"slider-2443 slide-2446\" title=\"Services to order\" \/><\/li>\n                <li style=\"display: none; width: 100%;\" class=\"slide-2447 ms-image \" aria-roledescription=\"slide\" aria-label=\"slide-2447\" data-date=\"2024-08-06 13:53:12\"><img loading=\"lazy\" decoding=\"async\" src=\"http:\/\/www.kkr-gmbh.info\/de\/wp-content\/uploads\/2025\/05\/ban-sup-03-en.jpg\" height=\"400\" width=\"1500\" alt=\"Automation for the future\" class=\"slider-2443 slide-2447\" title=\"Automation for the future\" \/><\/li>\n            <\/ul>\n        <\/div>\n        \n    <\/div>\n<\/div><\/div>\n\n\n\n<p><\/p>\n\n\n\n<div style=\"margin-top:0px;height:50px\" aria-hidden=\"true\" class=\"wp-block-spacer\"><\/div>\n\n\n\n<div class=\"wp-block-columns is-layout-flex wp-container-core-columns-is-layout-28f84493 wp-block-columns-is-layout-flex\">\n<div class=\"wp-block-column is-layout-flow wp-block-column-is-layout-flow\">\n<figure class=\"wp-block-image size-full\"><a href=\"http:\/\/www.kkr-gmbh.info\/de\/en\/services\/air-conditioning\/\"><img loading=\"lazy\" decoding=\"async\" width=\"800\" height=\"480\" src=\"http:\/\/www.kkr-gmbh.info\/de\/wp-content\/uploads\/2025\/05\/Banner-01.jpg\" alt=\"\" class=\"wp-image-3018\" srcset=\"http:\/\/www.kkr-gmbh.info\/de\/wp-content\/uploads\/2025\/05\/Banner-01.jpg 800w, http:\/\/www.kkr-gmbh.info\/de\/wp-content\/uploads\/2025\/05\/Banner-01-300x180.jpg 300w, http:\/\/www.kkr-gmbh.info\/de\/wp-content\/uploads\/2025\/05\/Banner-01-768x461.jpg 768w\" sizes=\"auto, (max-width: 800px) 100vw, 800px\" \/><\/a><\/figure>\n\n\n\n<p class=\"has-text-color has-link-color wp-elements-94200b8c6b89203d28bb906b89472a39\" style=\"color:#b81a1a;margin-top:30px;margin-bottom:0px;font-size:18px\"><strong><strong><strong><a href=\"http:\/\/www.kkr-gmbh.info\/de\/en\/services\/air-conditioning\/\">Air Conditioning technology<\/a><\/strong><\/strong><\/strong><\/p>\n\n\n\n<p>Our staff is highly qualified and can handle any complex task in the air conditioning technology<\/p>\n<\/div>\n\n\n\n<div class=\"wp-block-column is-layout-flow wp-block-column-is-layout-flow\">\n<div class=\"wp-block-group is-layout-constrained wp-block-group-is-layout-constrained\">\n<figure class=\"wp-block-image size-full\"><a href=\"http:\/\/www.kkr-gmbh.info\/de\/en\/services\/refrigeration-technology\/\"><img loading=\"lazy\" decoding=\"async\" width=\"800\" height=\"480\" src=\"http:\/\/www.kkr-gmbh.info\/de\/wp-content\/uploads\/2025\/05\/Banner-02.jpg\" alt=\"\" class=\"wp-image-3019\" srcset=\"http:\/\/www.kkr-gmbh.info\/de\/wp-content\/uploads\/2025\/05\/Banner-02.jpg 800w, http:\/\/www.kkr-gmbh.info\/de\/wp-content\/uploads\/2025\/05\/Banner-02-300x180.jpg 300w, http:\/\/www.kkr-gmbh.info\/de\/wp-content\/uploads\/2025\/05\/Banner-02-768x461.jpg 768w\" sizes=\"auto, (max-width: 800px) 100vw, 800px\" \/><\/a><\/figure>\n\n\n\n<p class=\"has-text-color has-link-color wp-elements-82e97d55f4914303a4221d7727f5d11d\" style=\"color:#b81a1a;margin-top:30px;margin-bottom:0px;font-size:18px\"><strong><strong><strong><a href=\"http:\/\/www.kkr-gmbh.info\/de\/en\/services\/refrigeration-technology\/\">Refrigeration Engineering<\/a><\/strong><\/strong><\/strong><\/p>\n\n\n\n<p>Our special know-how in the low temperature sector enables us to provide you with competent support in the realization of complex projects.<\/p>\n<\/div>\n<\/div>\n\n\n\n<div class=\"wp-block-column is-layout-flow wp-block-column-is-layout-flow\">\n<div class=\"wp-block-group is-layout-constrained wp-block-group-is-layout-constrained\">\n<figure class=\"wp-block-image size-full\"><a href=\"http:\/\/www.kkr-gmbh.info\/de\/en\/services\/cleanroom-technology\/\"><img loading=\"lazy\" decoding=\"async\" width=\"800\" height=\"480\" src=\"http:\/\/www.kkr-gmbh.info\/de\/wp-content\/uploads\/2025\/05\/banner-03.jpg\" alt=\"\" class=\"wp-image-3020\" srcset=\"http:\/\/www.kkr-gmbh.info\/de\/wp-content\/uploads\/2025\/05\/banner-03.jpg 800w, http:\/\/www.kkr-gmbh.info\/de\/wp-content\/uploads\/2025\/05\/banner-03-300x180.jpg 300w, http:\/\/www.kkr-gmbh.info\/de\/wp-content\/uploads\/2025\/05\/banner-03-768x461.jpg 768w\" sizes=\"auto, (max-width: 800px) 100vw, 800px\" \/><\/a><\/figure>\n\n\n\n<p class=\"has-text-color has-link-color wp-elements-72da3d924f574894e040c28e7e559bf7\" style=\"color:#b81a1a;margin-top:30px;margin-bottom:0px;font-size:18px\"><strong><strong><strong><a href=\"http:\/\/www.kkr-gmbh.info\/de\/en\/services\/cleanroom-technology\/\">Cleanroom technology<\/a><\/strong><\/strong><\/strong><\/p>\n\n\n\n<p>KKR-GmbH supplies you with innovative clean room technology and many years of practical experience in the pharmaceutical industry.<\/p>\n<\/div>\n<\/div>\n<\/div>\n\n\n\n<div style=\"height:50px\" aria-hidden=\"true\" class=\"wp-block-spacer\"><\/div>\n\n\n\n<div class=\"wp-block-columns is-layout-flex wp-container-core-columns-is-layout-28f84493 wp-block-columns-is-layout-flex\">\n<div class=\"wp-block-column is-layout-flow wp-block-column-is-layout-flow\">\n<figure class=\"wp-block-image size-full\"><a href=\"http:\/\/www.kkr-gmbh.info\/de\/en\/services\/process-measuring-and-control-systems\/\"><img loading=\"lazy\" decoding=\"async\" width=\"800\" height=\"480\" src=\"http:\/\/www.kkr-gmbh.info\/de\/wp-content\/uploads\/2025\/05\/Banner-04.jpg\" alt=\"\" class=\"wp-image-3021\" srcset=\"http:\/\/www.kkr-gmbh.info\/de\/wp-content\/uploads\/2025\/05\/Banner-04.jpg 800w, http:\/\/www.kkr-gmbh.info\/de\/wp-content\/uploads\/2025\/05\/Banner-04-300x180.jpg 300w, http:\/\/www.kkr-gmbh.info\/de\/wp-content\/uploads\/2025\/05\/Banner-04-768x461.jpg 768w\" sizes=\"auto, (max-width: 800px) 100vw, 800px\" \/><\/a><\/figure>\n\n\n\n<p class=\"has-text-color has-link-color wp-elements-fdd2cfd9317cbdb5494e7e1ea516288b\" style=\"color:#b81a1a;margin-top:30px;margin-bottom:0px;font-size:18px\"><strong><strong><strong><a href=\"http:\/\/www.kkr-gmbh.info\/de\/en\/services\/process-measuring-and-control-systems\/\">Process Measuring and Control systems<\/a><\/strong><\/strong><\/strong><\/p>\n\n\n\n<p>We create highly complex control technology for our system with our highly specialized in house engineers <a href=\"http:\/\/www.kkr-gmbh.com\/en\/?page_id=532\"><\/a><\/p>\n<\/div>\n\n\n\n<div class=\"wp-block-column is-layout-flow wp-block-column-is-layout-flow\">\n<div class=\"wp-block-group is-layout-constrained wp-block-group-is-layout-constrained\">\n<figure class=\"wp-block-image size-full\"><a href=\"http:\/\/www.kkr-gmbh.info\/de\/en\/services\/customer-service\/\"><img loading=\"lazy\" decoding=\"async\" width=\"800\" height=\"480\" src=\"http:\/\/www.kkr-gmbh.info\/de\/wp-content\/uploads\/2025\/05\/Banner-05.jpg\" alt=\"\" class=\"wp-image-3022\" srcset=\"http:\/\/www.kkr-gmbh.info\/de\/wp-content\/uploads\/2025\/05\/Banner-05.jpg 800w, http:\/\/www.kkr-gmbh.info\/de\/wp-content\/uploads\/2025\/05\/Banner-05-300x180.jpg 300w, http:\/\/www.kkr-gmbh.info\/de\/wp-content\/uploads\/2025\/05\/Banner-05-768x461.jpg 768w\" sizes=\"auto, (max-width: 800px) 100vw, 800px\" \/><\/a><\/figure>\n\n\n\n<p class=\"has-text-color has-link-color wp-elements-f4ff650c8b87b0a0b0f01b9fdc401a70\" style=\"color:#b81a1a;margin-top:30px;margin-bottom:0px;font-size:18px\"><strong><strong><strong><a href=\"http:\/\/www.kkr-gmbh.info\/de\/en\/services\/customer-service\/\">Customer Service<\/a><\/strong><\/strong><\/strong><\/p>\n\n\n\n<p>The sustainability of your investments is our top priority. We offer you professional maintenance and reliable support. 24\/7<\/p>\n<\/div>\n<\/div>\n\n\n\n<div class=\"wp-block-column is-layout-flow wp-block-column-is-layout-flow\">\n<div class=\"wp-block-group is-layout-constrained wp-block-group-is-layout-constrained\">\n<figure class=\"wp-block-image size-full\"><a href=\"http:\/\/www.kkr-gmbh.info\/de\/en\/services\/facility-management\/\"><img loading=\"lazy\" decoding=\"async\" width=\"800\" height=\"480\" src=\"http:\/\/www.kkr-gmbh.info\/de\/wp-content\/uploads\/2025\/05\/Banner-07.jpg\" alt=\"\" class=\"wp-image-3023\" srcset=\"http:\/\/www.kkr-gmbh.info\/de\/wp-content\/uploads\/2025\/05\/Banner-07.jpg 800w, http:\/\/www.kkr-gmbh.info\/de\/wp-content\/uploads\/2025\/05\/Banner-07-300x180.jpg 300w, http:\/\/www.kkr-gmbh.info\/de\/wp-content\/uploads\/2025\/05\/Banner-07-768x461.jpg 768w\" sizes=\"auto, (max-width: 800px) 100vw, 800px\" \/><\/a><\/figure>\n\n\n\n<p class=\"has-text-color has-link-color wp-elements-63c7d5cb66feb97c9074e8e1737455aa\" style=\"color:#b81a1a;margin-top:30px;margin-bottom:0px;font-size:18px\"><strong><strong><strong><a href=\"http:\/\/www.kkr-gmbh.info\/de\/en\/services\/facility-management\/\">Facility Management<\/a><\/strong><\/strong><\/strong><\/p>\n\n\n\n<p><\/p>\n<\/div>\n<\/div>\n<\/div>\n\n\n\n<div style=\"height:50px\" aria-hidden=\"true\" class=\"wp-block-spacer\"><\/div>\n\n\n\n<hr class=\"wp-block-separator has-text-color has-cyan-bluish-gray-color has-alpha-channel-opacity has-cyan-bluish-gray-background-color has-background is-style-default\"\/>\n\n\n\n<figure class=\"wp-block-image aligncenter size-full\"><img loading=\"lazy\" decoding=\"async\" width=\"940\" height=\"105\" src=\"http:\/\/www.kkr-gmbh.info\/de\/wp-content\/uploads\/2025\/05\/kkr-slogan3.png\" alt=\"\" class=\"wp-image-3101\" srcset=\"http:\/\/www.kkr-gmbh.info\/de\/wp-content\/uploads\/2025\/05\/kkr-slogan3.png 940w, http:\/\/www.kkr-gmbh.info\/de\/wp-content\/uploads\/2025\/05\/kkr-slogan3-300x34.png 300w, http:\/\/www.kkr-gmbh.info\/de\/wp-content\/uploads\/2025\/05\/kkr-slogan3-768x86.png 768w\" sizes=\"auto, (max-width: 940px) 100vw, 940px\" \/><\/figure>\n\n\n\n<hr class=\"wp-block-separator has-text-color has-cyan-bluish-gray-color has-alpha-channel-opacity has-cyan-bluish-gray-background-color has-background is-style-default\"\/>\n\n\n\n<figure class=\"wp-block-image aligncenter size-medium\"><img loading=\"lazy\" decoding=\"async\" width=\"300\" height=\"48\" src=\"http:\/\/www.kkr-gmbh.info\/de\/wp-content\/uploads\/2025\/05\/EE_Partnerlogo_quer_cmyk_web-300x48.jpg\" alt=\"\" class=\"wp-image-3102\" srcset=\"http:\/\/www.kkr-gmbh.info\/de\/wp-content\/uploads\/2025\/05\/EE_Partnerlogo_quer_cmyk_web-300x48.jpg 300w, http:\/\/www.kkr-gmbh.info\/de\/wp-content\/uploads\/2025\/05\/EE_Partnerlogo_quer_cmyk_web-1024x165.jpg 1024w, http:\/\/www.kkr-gmbh.info\/de\/wp-content\/uploads\/2025\/05\/EE_Partnerlogo_quer_cmyk_web-768x124.jpg 768w, http:\/\/www.kkr-gmbh.info\/de\/wp-content\/uploads\/2025\/05\/EE_Partnerlogo_quer_cmyk_web-1536x247.jpg 1536w, http:\/\/www.kkr-gmbh.info\/de\/wp-content\/uploads\/2025\/05\/EE_Partnerlogo_quer_cmyk_web.jpg 1890w\" sizes=\"auto, (max-width: 300px) 100vw, 300px\" \/><\/figure>\n\n\n\n<p><\/p>\n","protected":false},"excerpt":{"rendered":"<p>Air Conditioning technology Our staff is highly qualified and can handle any complex task in the air conditioning technology Refrigeration Engineering Our special know-how in the low temperature sector enables us to provide you with competent support in the realization of complex projects. Cleanroom technology KKR-GmbH supplies you with innovative clean room technology and many [&hellip;]<\/p>\n","protected":false},"author":1,"featured_media":0,"parent":0,"menu_order":0,"comment_status":"closed","ping_status":"closed","template":"","meta":{"_uag_custom_page_level_css":"","site-sidebar-layout":"no-sidebar","site-content-layout":"plain-container","ast-site-content-layout":"normal-width-container","site-content-style":"unboxed","site-sidebar-style":"unboxed","ast-global-header-display":"","ast-banner-title-visibility":"","ast-main-header-display":"","ast-hfb-above-header-display":"","ast-hfb-below-header-display":"","ast-hfb-mobile-header-display":"","site-post-title":"disabled","ast-breadcrumbs-content":"","ast-featured-img":"disabled","footer-sml-layout":"","theme-transparent-header-meta":"default","adv-header-id-meta":"","stick-header-meta":"","header-above-stick-meta":"","header-main-stick-meta":"","header-below-stick-meta":"","astra-migrate-meta-layouts":"set","ast-page-background-enabled":"default","ast-page-background-meta":{"desktop":{"background-color":"var(--ast-global-color-4)","background-image":"","background-repeat":"repeat","background-position":"center center","background-size":"auto","background-attachment":"scroll","background-type":"","background-media":"","overlay-type":"","overlay-color":"","overlay-opacity":"","overlay-gradient":""},"tablet":{"background-color":"","background-image":"","background-repeat":"repeat","background-position":"center center","background-size":"auto","background-attachment":"scroll","background-type":"","background-media":"","overlay-type":"","overlay-color":"","overlay-opacity":"","overlay-gradient":""},"mobile":{"background-color":"","background-image":"","background-repeat":"repeat","background-position":"center center","background-size":"auto","background-attachment":"scroll","background-type":"","background-media":"","overlay-type":"","overlay-color":"","overlay-opacity":"","overlay-gradient":""}},"ast-content-background-meta":{"desktop":{"background-color":"var(--ast-global-color-5)","background-image":"","background-repeat":"repeat","background-position":"center center","background-size":"auto","background-attachment":"scroll","background-type":"","background-media":"","overlay-type":"","overlay-color":"","overlay-opacity":"","overlay-gradient":""},"tablet":{"background-color":"var(--ast-global-color-5)","background-image":"","background-repeat":"repeat","background-position":"center center","background-size":"auto","background-attachment":"scroll","background-type":"","background-media":"","overlay-type":"","overlay-color":"","overlay-opacity":"","overlay-gradient":""},"mobile":{"background-color":"var(--ast-global-color-5)","background-image":"","background-repeat":"repeat","background-position":"center center","background-size":"auto","background-attachment":"scroll","background-type":"","background-media":"","overlay-type":"","overlay-color":"","overlay-opacity":"","overlay-gradient":""}},"footnotes":""},"class_list":["post-1007","page","type-page","status-publish","hentry"],"yoast_head":"<!-- This site is optimized with the Yoast SEO plugin v25.1 - https:\/\/yoast.com\/wordpress\/plugins\/seo\/ -->\n<title>KKR GmbH - specializing in Klimatechnik, K\u00e4ltetechnik, Reinraumtechnik, Service<\/title>\n<meta name=\"description\" content=\"KKR ist Ihr Partner f\u00fcr innovative Klima- K\u00e4lte- und Reinraumtechnik. 24h Notdienst und Instandhaltung Ihrer Anlagen.\" \/>\n<meta name=\"robots\" content=\"index, follow, max-snippet:-1, max-image-preview:large, max-video-preview:-1\" \/>\n<link rel=\"canonical\" href=\"http:\/\/www.kkr-gmbh.info\/de\/en\/home\/\" \/>\n<meta property=\"og:locale\" content=\"en_US\" \/>\n<meta property=\"og:type\" content=\"article\" \/>\n<meta property=\"og:title\" content=\"KKR GmbH - specializing in Klimatechnik, K\u00e4ltetechnik, Reinraumtechnik, Service\" \/>\n<meta property=\"og:description\" content=\"KKR ist Ihr Partner f\u00fcr innovative Klima- K\u00e4lte- und Reinraumtechnik. 24h Notdienst und Instandhaltung Ihrer Anlagen.\" \/>\n<meta property=\"og:url\" content=\"http:\/\/www.kkr-gmbh.info\/de\/en\/home\/\" \/>\n<meta property=\"og:site_name\" content=\"KKR GmbH\" \/>\n<meta property=\"article:modified_time\" content=\"2025-05-19T21:33:03+00:00\" \/>\n<meta property=\"og:image\" content=\"http:\/\/www.kkr-gmbh.info\/de\/wp-content\/uploads\/2025\/05\/Banner-01.jpg\" \/>\n<meta name=\"twitter:card\" content=\"summary_large_image\" \/>\n<meta name=\"twitter:label1\" content=\"Est. reading time\" \/>\n\t<meta name=\"twitter:data1\" content=\"3 minutes\" \/>\n<script type=\"application\/ld+json\" class=\"yoast-schema-graph\">{\"@context\":\"https:\/\/schema.org\",\"@graph\":[{\"@type\":\"WebPage\",\"@id\":\"http:\/\/www.kkr-gmbh.info\/de\/en\/home\/\",\"url\":\"http:\/\/www.kkr-gmbh.info\/de\/en\/home\/\",\"name\":\"KKR GmbH - specializing in Klimatechnik, K\u00e4ltetechnik, Reinraumtechnik, Service\",\"isPartOf\":{\"@id\":\"http:\/\/www.kkr-gmbh.info\/de\/#website\"},\"primaryImageOfPage\":{\"@id\":\"http:\/\/www.kkr-gmbh.info\/de\/en\/home\/#primaryimage\"},\"image\":{\"@id\":\"http:\/\/www.kkr-gmbh.info\/de\/en\/home\/#primaryimage\"},\"thumbnailUrl\":\"http:\/\/www.kkr-gmbh.info\/de\/wp-content\/uploads\/2025\/05\/Banner-01.jpg\",\"datePublished\":\"2021-10-11T05:03:43+00:00\",\"dateModified\":\"2025-05-19T21:33:03+00:00\",\"description\":\"KKR ist Ihr Partner f\u00fcr innovative Klima- K\u00e4lte- und Reinraumtechnik. 24h Notdienst und Instandhaltung Ihrer Anlagen.\",\"breadcrumb\":{\"@id\":\"http:\/\/www.kkr-gmbh.info\/de\/en\/home\/#breadcrumb\"},\"inLanguage\":\"en-US\",\"potentialAction\":[{\"@type\":\"ReadAction\",\"target\":[\"http:\/\/www.kkr-gmbh.info\/de\/en\/home\/\"]}]},{\"@type\":\"ImageObject\",\"inLanguage\":\"en-US\",\"@id\":\"http:\/\/www.kkr-gmbh.info\/de\/en\/home\/#primaryimage\",\"url\":\"http:\/\/www.kkr-gmbh.info\/de\/wp-content\/uploads\/2025\/05\/Banner-01.jpg\",\"contentUrl\":\"http:\/\/www.kkr-gmbh.info\/de\/wp-content\/uploads\/2025\/05\/Banner-01.jpg\",\"width\":800,\"height\":480},{\"@type\":\"BreadcrumbList\",\"@id\":\"http:\/\/www.kkr-gmbh.info\/de\/en\/home\/#breadcrumb\",\"itemListElement\":[{\"@type\":\"ListItem\",\"position\":1,\"name\":\"Home\",\"item\":\"http:\/\/www.kkr-gmbh.info\/de\/en\/home\/\"},{\"@type\":\"ListItem\",\"position\":2,\"name\":\"Home\"}]},{\"@type\":\"WebSite\",\"@id\":\"http:\/\/www.kkr-gmbh.info\/de\/#website\",\"url\":\"http:\/\/www.kkr-gmbh.info\/de\/\",\"name\":\"KKR GmbH\",\"description\":\"Klima-K\u00e4lte-Reinraumtechnik\",\"publisher\":{\"@id\":\"http:\/\/www.kkr-gmbh.info\/de\/#organization\"},\"potentialAction\":[{\"@type\":\"SearchAction\",\"target\":{\"@type\":\"EntryPoint\",\"urlTemplate\":\"http:\/\/www.kkr-gmbh.info\/de\/?s={search_term_string}\"},\"query-input\":{\"@type\":\"PropertyValueSpecification\",\"valueRequired\":true,\"valueName\":\"search_term_string\"}}],\"inLanguage\":\"en-US\"},{\"@type\":\"Organization\",\"@id\":\"http:\/\/www.kkr-gmbh.info\/de\/#organization\",\"name\":\"KKR GmbH\",\"url\":\"http:\/\/www.kkr-gmbh.info\/de\/\",\"logo\":{\"@type\":\"ImageObject\",\"inLanguage\":\"en-US\",\"@id\":\"http:\/\/www.kkr-gmbh.info\/de\/#\/schema\/logo\/image\/\",\"url\":\"http:\/\/www.kkr-gmbh.info\/de\/wp-content\/uploads\/2025\/05\/kkr-icono-512px.jpg\",\"contentUrl\":\"http:\/\/www.kkr-gmbh.info\/de\/wp-content\/uploads\/2025\/05\/kkr-icono-512px.jpg\",\"width\":512,\"height\":512,\"caption\":\"KKR GmbH\"},\"image\":{\"@id\":\"http:\/\/www.kkr-gmbh.info\/de\/#\/schema\/logo\/image\/\"}}]}<\/script>\n<!-- \/ Yoast SEO plugin. -->","yoast_head_json":{"title":"KKR GmbH - specializing in Klimatechnik, K\u00e4ltetechnik, Reinraumtechnik, Service","description":"KKR ist Ihr Partner f\u00fcr innovative Klima- K\u00e4lte- und Reinraumtechnik. 24h Notdienst und Instandhaltung Ihrer Anlagen.","robots":{"index":"index","follow":"follow","max-snippet":"max-snippet:-1","max-image-preview":"max-image-preview:large","max-video-preview":"max-video-preview:-1"},"canonical":"http:\/\/www.kkr-gmbh.info\/de\/en\/home\/","og_locale":"en_US","og_type":"article","og_title":"KKR GmbH - specializing in Klimatechnik, K\u00e4ltetechnik, Reinraumtechnik, Service","og_description":"KKR ist Ihr Partner f\u00fcr innovative Klima- K\u00e4lte- und Reinraumtechnik. 24h Notdienst und Instandhaltung Ihrer Anlagen.","og_url":"http:\/\/www.kkr-gmbh.info\/de\/en\/home\/","og_site_name":"KKR GmbH","article_modified_time":"2025-05-19T21:33:03+00:00","og_image":[{"url":"http:\/\/www.kkr-gmbh.info\/de\/wp-content\/uploads\/2025\/05\/Banner-01.jpg","type":"","width":"","height":""}],"twitter_card":"summary_large_image","twitter_misc":{"Est. reading time":"3 minutes"},"schema":{"@context":"https:\/\/schema.org","@graph":[{"@type":"WebPage","@id":"http:\/\/www.kkr-gmbh.info\/de\/en\/home\/","url":"http:\/\/www.kkr-gmbh.info\/de\/en\/home\/","name":"KKR GmbH - specializing in Klimatechnik, K\u00e4ltetechnik, Reinraumtechnik, Service","isPartOf":{"@id":"http:\/\/www.kkr-gmbh.info\/de\/#website"},"primaryImageOfPage":{"@id":"http:\/\/www.kkr-gmbh.info\/de\/en\/home\/#primaryimage"},"image":{"@id":"http:\/\/www.kkr-gmbh.info\/de\/en\/home\/#primaryimage"},"thumbnailUrl":"http:\/\/www.kkr-gmbh.info\/de\/wp-content\/uploads\/2025\/05\/Banner-01.jpg","datePublished":"2021-10-11T05:03:43+00:00","dateModified":"2025-05-19T21:33:03+00:00","description":"KKR ist Ihr Partner f\u00fcr innovative Klima- K\u00e4lte- und Reinraumtechnik. 24h Notdienst und Instandhaltung Ihrer Anlagen.","breadcrumb":{"@id":"http:\/\/www.kkr-gmbh.info\/de\/en\/home\/#breadcrumb"},"inLanguage":"en-US","potentialAction":[{"@type":"ReadAction","target":["http:\/\/www.kkr-gmbh.info\/de\/en\/home\/"]}]},{"@type":"ImageObject","inLanguage":"en-US","@id":"http:\/\/www.kkr-gmbh.info\/de\/en\/home\/#primaryimage","url":"http:\/\/www.kkr-gmbh.info\/de\/wp-content\/uploads\/2025\/05\/Banner-01.jpg","contentUrl":"http:\/\/www.kkr-gmbh.info\/de\/wp-content\/uploads\/2025\/05\/Banner-01.jpg","width":800,"height":480},{"@type":"BreadcrumbList","@id":"http:\/\/www.kkr-gmbh.info\/de\/en\/home\/#breadcrumb","itemListElement":[{"@type":"ListItem","position":1,"name":"Home","item":"http:\/\/www.kkr-gmbh.info\/de\/en\/home\/"},{"@type":"ListItem","position":2,"name":"Home"}]},{"@type":"WebSite","@id":"http:\/\/www.kkr-gmbh.info\/de\/#website","url":"http:\/\/www.kkr-gmbh.info\/de\/","name":"KKR GmbH","description":"Klima-K\u00e4lte-Reinraumtechnik","publisher":{"@id":"http:\/\/www.kkr-gmbh.info\/de\/#organization"},"potentialAction":[{"@type":"SearchAction","target":{"@type":"EntryPoint","urlTemplate":"http:\/\/www.kkr-gmbh.info\/de\/?s={search_term_string}"},"query-input":{"@type":"PropertyValueSpecification","valueRequired":true,"valueName":"search_term_string"}}],"inLanguage":"en-US"},{"@type":"Organization","@id":"http:\/\/www.kkr-gmbh.info\/de\/#organization","name":"KKR GmbH","url":"http:\/\/www.kkr-gmbh.info\/de\/","logo":{"@type":"ImageObject","inLanguage":"en-US","@id":"http:\/\/www.kkr-gmbh.info\/de\/#\/schema\/logo\/image\/","url":"http:\/\/www.kkr-gmbh.info\/de\/wp-content\/uploads\/2025\/05\/kkr-icono-512px.jpg","contentUrl":"http:\/\/www.kkr-gmbh.info\/de\/wp-content\/uploads\/2025\/05\/kkr-icono-512px.jpg","width":512,"height":512,"caption":"KKR GmbH"},"image":{"@id":"http:\/\/www.kkr-gmbh.info\/de\/#\/schema\/logo\/image\/"}}]}},"uagb_featured_image_src":{"full":false,"thumbnail":false,"medium":false,"medium_large":false,"large":false,"1536x1536":false,"2048x2048":false},"uagb_author_info":{"display_name":"is","author_link":"http:\/\/www.kkr-gmbh.info\/de\/author\/is\/"},"uagb_comment_info":0,"uagb_excerpt":"Air Conditioning technology Our staff is highly qualified and can handle any complex task in the air conditioning technology Refrigeration Engineering Our special know-how in the low temperature sector enables us to provide you with competent support in the realization of complex projects. Cleanroom technology KKR-GmbH supplies you with innovative clean room technology and many&hellip;","_links":{"self":[{"href":"http:\/\/www.kkr-gmbh.info\/de\/wp-json\/wp\/v2\/pages\/1007","targetHints":{"allow":["GET"]}}],"collection":[{"href":"http:\/\/www.kkr-gmbh.info\/de\/wp-json\/wp\/v2\/pages"}],"about":[{"href":"http:\/\/www.kkr-gmbh.info\/de\/wp-json\/wp\/v2\/types\/page"}],"author":[{"embeddable":true,"href":"http:\/\/www.kkr-gmbh.info\/de\/wp-json\/wp\/v2\/users\/1"}],"replies":[{"embeddable":true,"href":"http:\/\/www.kkr-gmbh.info\/de\/wp-json\/wp\/v2\/comments?post=1007"}],"version-history":[{"count":0,"href":"http:\/\/www.kkr-gmbh.info\/de\/wp-json\/wp\/v2\/pages\/1007\/revisions"}],"wp:attachment":[{"href":"http:\/\/www.kkr-gmbh.info\/de\/wp-json\/wp\/v2\/media?parent=1007"}],"curies":[{"name":"wp","href":"https:\/\/api.w.org\/{rel}","templated":true}]}}